{"id":7872,"date":"2021-05-09T22:16:59","date_gmt":"2021-05-10T01:16:59","guid":{"rendered":"https:\/\/bbz.iballester.edu.ar\/preguntas-frecuentes\/"},"modified":"2021-06-18T14:37:23","modified_gmt":"2021-06-18T17:37:23","slug":"faq","status":"publish","type":"page","link":"https:\/\/bbz.iballester.edu.ar\/de\/faq\/","title":{"rendered":"FAQ"},"content":{"rendered":"<div class=\"fusion-fullwidth fullwidth-box fusion-builder-row-1 fusion-flex-container nonhundred-percent-fullwidth non-hundred-percent-height-scrolling\" style=\"background-color: rgba(255,255,255,0);background-position: center center;background-repeat: no-repeat;border-width: 0px 0px 0px 0px;border-color:#e2e2e2;border-style:solid;\" ><div class=\"fusion-builder-row fusion-row fusion-flex-align-items-flex-start\" style=\"max-width:1248px;margin-left: calc(-4% \/ 2 );margin-right: calc(-4% \/ 2 );\"><div class=\"fusion-layout-column fusion_builder_column fusion-builder-column-0 fusion_builder_column_1_5 1_5 fusion-flex-column\"><div class=\"fusion-column-wrapper fusion-flex-justify-content-flex-start fusion-content-layout-column\" style=\"background-position:left top;background-repeat:no-repeat;-webkit-background-size:cover;-moz-background-size:cover;-o-background-size:cover;background-size:cover;padding: 0px 0px 0px 0px;\"><\/div><style type=\"text\/css\">.fusion-body .fusion-builder-column-0{width:20% !important;margin-top : 0px;margin-bottom : 20px;}.fusion-builder-column-0 > .fusion-column-wrapper {padding-top : 0px !important;padding-right : 0px !important;margin-right : 9.6%;padding-bottom : 0px !important;padding-left : 0px !important;margin-left : 9.6%;}@media only screen and (max-width:1024px) {.fusion-body .fusion-builder-column-0{width:20% !important;order : 0;}.fusion-builder-column-0 > .fusion-column-wrapper {margin-right : 9.6%;margin-left : 9.6%;}}@media only screen and (max-width:640px) {.fusion-body .fusion-builder-column-0{width:100% !important;order : 0;}.fusion-builder-column-0 > .fusion-column-wrapper {margin-right : 1.92%;margin-left : 1.92%;}}<\/style><\/div><div class=\"fusion-layout-column fusion_builder_column fusion-builder-column-1 fusion_builder_column_3_5 3_5 fusion-flex-column\"><div class=\"fusion-column-wrapper fusion-flex-justify-content-flex-start fusion-content-layout-column\" style=\"background-position:left top;background-repeat:no-repeat;-webkit-background-size:cover;-moz-background-size:cover;-o-background-size:cover;background-size:cover;padding: 0px 0px 0px 0px;\"><div class=\"fusion-text fusion-text-1\"><h3>FAQ<\/h3>\n<\/div><div style=\"text-align:left;\"><span class=\" fusion-imageframe imageframe-none imageframe-1 hover-type-none separadorcito\" style=\"margin-bottom:40px;\"><img decoding=\"async\" width=\"57\" height=\"7\" title=\"sep-left\" src=\"http:\/\/bbz.iballester.edu.ar\/web20\/wp-content\/uploads\/2021\/05\/sep-left.svg\" class=\"img-responsive wp-image-7258\"\/><\/span><\/div><style type=\"text\/css\">.fusion-accordian #accordian-1 .panel-title a .fa-fusion-box:before{ font-size: 16px;}.fusion-accordian #accordian-1 .panel-title a .fa-fusion-box{ color: #ffffff;}.fusion-accordian #accordian-1 .fa-fusion-box { background-color: #212934;border-color: #212934;}.fusion-accordian #accordian-1 .panel-title a:hover,.fusion-accordian #accordian-1 .panel-title a.hover { color: #96be1e;}.fusion-faq-shortcode .fusion-accordian #accordian-1 .fusion-toggle-boxed-mode:hover .panel-title a { color: #96be1e;}.fusion-accordian #accordian-1 .panel-title .active .fa-fusion-box,.fusion-accordian #accordian-1 .panel-title a:hover .fa-fusion-box,.fusion-accordian #accordian-1 .panel-title a.hover .fa-fusion-box { background-color: #96be1e!important;border-color: #96be1e!important;}<\/style><div class=\"fusion-faq-shortcode\"><div class=\"fusion-faqs-wrapper\"><div class=\"accordian fusion-accordian\"><div class=\"panel-group \" id=\"accordian-1\"><div class=\"fusion-panel panel-default fusion-faq-post fusion-faq-post-7903 ausbildung \"><span class=\"entry-title rich-snippet-hidden\">Was genau ist das BBZ?<\/span><span class=\"vcard rich-snippet-hidden\"><span class=\"fn\"><a href=\"https:\/\/bbz.iballester.edu.ar\/de\/author\/christian\/\" title=\"Beitr\u00e4ge von Christian\" rel=\"author\">Christian<\/a><\/span><\/span><span class=\"updated rich-snippet-hidden\">2021-06-18T14:34:50-03:00<\/span><div class=\"panel-heading\"><h4 class=\"panel-title toggle\"><a data-toggle=\"collapse\" class=\"collapsed\" data-target=\"#collapse-1-7903\" href=\"#collapse-1-7903\"><div class=\"fusion-toggle-icon-wrapper\"><div class=\"fusion-toggle-icon-wrapper-main\"><div class=\"fusion-toggle-icon-wrapper-sub\"><i class=\"fa-fusion-box\" aria-hidden=\"true\"><\/i><\/div><\/div><\/div><div class=\"fusion-toggle-heading\">Was genau ist das BBZ?<\/div><\/a><\/h4><\/div><div id=\"collapse-1-7903\" class=\"panel-collapse collapse\"><div class=\"panel-body toggle-content post-content\"><p>Das BBZ (BerufsBildungsZentrum) ist eine kaufm\u00e4nnische Berufsschule, die Teil des Instituto Ballester Deutsche Schule (Villa Ballester, Buenos Aires) ist, welche wiederum zu den 140 anderen Deutschen Schulen auf der ganzen Welt geh\u00f6rt. Sie ist sowohl vom Ausw\u00e4rtigen Amt und der Kultusministerkonferenz (KMK) anerkannt.<\/p>\n<p>Gemeinsam mit der AHK (Deutsch-Argentinische Industrie- und Handelskammer) und den meist deutschen multinationalen Unternehmen bieten wir Duale Ausbildungen im kaufm\u00e4nnischen Bereich an, genauso wie wir sie auch aus Deutschland bereits kennen.<\/p>\n<\/div><\/div><\/div><div class=\"fusion-panel panel-default fusion-faq-post fusion-faq-post-7905 ausbildung \"><span class=\"entry-title rich-snippet-hidden\">Was bedeutet Duale Ausbildung?<\/span><span class=\"vcard rich-snippet-hidden\"><span class=\"fn\"><a href=\"https:\/\/bbz.iballester.edu.ar\/de\/author\/christian\/\" title=\"Beitr\u00e4ge von Christian\" rel=\"author\">Christian<\/a><\/span><\/span><span class=\"updated rich-snippet-hidden\">2021-06-18T14:34:50-03:00<\/span><div class=\"panel-heading\"><h4 class=\"panel-title toggle\"><a data-toggle=\"collapse\" class=\"collapsed\" data-target=\"#collapse-1-7905\" href=\"#collapse-1-7905\"><div class=\"fusion-toggle-icon-wrapper\"><div class=\"fusion-toggle-icon-wrapper-main\"><div class=\"fusion-toggle-icon-wrapper-sub\"><i class=\"fa-fusion-box\" aria-hidden=\"true\"><\/i><\/div><\/div><\/div><div class=\"fusion-toggle-heading\">Was bedeutet Duale Ausbildung?<\/div><\/a><\/h4><\/div><div id=\"collapse-1-7905\" class=\"panel-collapse collapse\"><div class=\"panel-body toggle-content post-content\"><p><span style=\"font-weight: 400;\">Das Duale System,das in Deutschland sehr bekannte\u00a0 Berufsausbildungsmodell, verbindet die theoretische Ausbildung an einer Berufsschule (BBZ) mit den praktischen Erfahrungen in verschiedenen Unternehmen.<\/span><\/p>\n<\/div><\/div><\/div><div class=\"fusion-panel panel-default fusion-faq-post fusion-faq-post-7907 ausbildung \"><span class=\"entry-title rich-snippet-hidden\">Welche Ausbildungsberufe werden am BBZ angeboten?<\/span><span class=\"vcard rich-snippet-hidden\"><span class=\"fn\"><a href=\"https:\/\/bbz.iballester.edu.ar\/de\/author\/christian\/\" title=\"Beitr\u00e4ge von Christian\" rel=\"author\">Christian<\/a><\/span><\/span><span class=\"updated rich-snippet-hidden\">2021-06-18T14:34:50-03:00<\/span><div class=\"panel-heading\"><h4 class=\"panel-title toggle\"><a data-toggle=\"collapse\" class=\"collapsed\" data-target=\"#collapse-1-7907\" href=\"#collapse-1-7907\"><div class=\"fusion-toggle-icon-wrapper\"><div class=\"fusion-toggle-icon-wrapper-main\"><div class=\"fusion-toggle-icon-wrapper-sub\"><i class=\"fa-fusion-box\" aria-hidden=\"true\"><\/i><\/div><\/div><\/div><div class=\"fusion-toggle-heading\">Welche Ausbildungsberufe werden am BBZ angeboten?<\/div><\/a><\/h4><\/div><div id=\"collapse-1-7907\" class=\"panel-collapse collapse\"><div class=\"panel-body toggle-content post-content\"><p><span style=\"font-weight: 400;\"><a href=\"https:\/\/bbz.iballester.edu.ar\/de\/ik-industriekauffrau-kaufmann\/\">Industriekauffrau\/Industriekaufmann<\/a> (IK)<\/span><\/p>\n<p><span style=\"font-weight: 400;\"><a href=\"https:\/\/bbz.iballester.edu.ar\/de\/gk-kauffrau-kaufmann-fuer-gross-und-aussenhandelsmanagement\/\">Kauffrau\/Kaufmann f\u00fcr Gro\u00df- und Au\u00dfenhandelsmanagement<\/a> (GK)<\/span><\/p>\n<p><span style=\"font-weight: 400;\"><a href=\"https:\/\/bbz.iballester.edu.ar\/de\/kb-kauffrau-kauffrau-fuer-bueromanagement\/\">Kauffrau\/Kaufmann f\u00fcr B\u00fcromanagement<\/a> (KB)<\/span><\/p>\n<\/div><\/div><\/div><div class=\"fusion-panel panel-default fusion-faq-post fusion-faq-post-7909 ausbildung \"><span class=\"entry-title rich-snippet-hidden\">Was kostet die Berufsausbildung?<\/span><span class=\"vcard rich-snippet-hidden\"><span class=\"fn\"><a href=\"https:\/\/bbz.iballester.edu.ar\/de\/author\/christian\/\" title=\"Beitr\u00e4ge von Christian\" rel=\"author\">Christian<\/a><\/span><\/span><span class=\"updated rich-snippet-hidden\">2021-06-18T14:34:50-03:00<\/span><div class=\"panel-heading\"><h4 class=\"panel-title toggle\"><a data-toggle=\"collapse\" class=\"collapsed\" data-target=\"#collapse-1-7909\" href=\"#collapse-1-7909\"><div class=\"fusion-toggle-icon-wrapper\"><div class=\"fusion-toggle-icon-wrapper-main\"><div class=\"fusion-toggle-icon-wrapper-sub\"><i class=\"fa-fusion-box\" aria-hidden=\"true\"><\/i><\/div><\/div><\/div><div class=\"fusion-toggle-heading\">Was kostet die Berufsausbildung?<\/div><\/a><\/h4><\/div><div id=\"collapse-1-7909\" class=\"panel-collapse collapse\"><div class=\"panel-body toggle-content post-content\"><p><span style=\"font-weight: 400;\">Nichts! Die Berufsausbildung wird zu 100 % von den Betrieben, der <strong>AHK<\/strong> und aus Deutschland finanziert. Die Auszubildenden erhalten sogar\u00a0 eine monatliche Aufwandsentsch\u00e4digung von ihren Ausbildungsunternehmen.<\/span><\/p>\n<\/div><\/div><\/div><div class=\"fusion-panel panel-default fusion-faq-post fusion-faq-post-7911 ausbildung \"><span class=\"entry-title rich-snippet-hidden\">Welche Ausbildungsbetriebe machen mit?<\/span><span class=\"vcard rich-snippet-hidden\"><span class=\"fn\"><a href=\"https:\/\/bbz.iballester.edu.ar\/de\/author\/christian\/\" title=\"Beitr\u00e4ge von Christian\" rel=\"author\">Christian<\/a><\/span><\/span><span class=\"updated rich-snippet-hidden\">2021-06-18T14:34:50-03:00<\/span><div class=\"panel-heading\"><h4 class=\"panel-title toggle\"><a data-toggle=\"collapse\" class=\"collapsed\" data-target=\"#collapse-1-7911\" href=\"#collapse-1-7911\"><div class=\"fusion-toggle-icon-wrapper\"><div class=\"fusion-toggle-icon-wrapper-main\"><div class=\"fusion-toggle-icon-wrapper-sub\"><i class=\"fa-fusion-box\" aria-hidden=\"true\"><\/i><\/div><\/div><\/div><div class=\"fusion-toggle-heading\">Welche Ausbildungsbetriebe machen mit?<\/div><\/a><\/h4><\/div><div id=\"collapse-1-7911\" class=\"panel-collapse collapse\"><div class=\"panel-body toggle-content post-content\"><p>Die meisten Ausbildungsbetriebe sind vom System der Dualen Ausbildung \u00fcberzeugt und sind schon seit vielen Jahren Partner im Dualen System. Die Auszubildenden durchlaufen w\u00e4hrend ihrer Ausbildung unterschiedliche Bereiche in einem Unternehmen.<br \/>\nBeispiele f\u00fcr diese Partnerunternehmen findest Du <a href=\"https:\/\/bbz.iballester.edu.ar\/de\/unternehmen\/\">hier<\/a>.<\/p>\n<\/div><\/div><\/div><div class=\"fusion-panel panel-default fusion-faq-post fusion-faq-post-7913 ausbildung \"><span class=\"entry-title rich-snippet-hidden\">Ich wohne nicht in Buenos Aires. Kann ich trotzdem eine Ausbildung machen am BBZ?<\/span><span class=\"vcard rich-snippet-hidden\"><span class=\"fn\"><a href=\"https:\/\/bbz.iballester.edu.ar\/de\/author\/christian\/\" title=\"Beitr\u00e4ge von Christian\" rel=\"author\">Christian<\/a><\/span><\/span><span class=\"updated rich-snippet-hidden\">2021-06-18T14:34:49-03:00<\/span><div class=\"panel-heading\"><h4 class=\"panel-title toggle\"><a data-toggle=\"collapse\" class=\"collapsed\" data-target=\"#collapse-1-7913\" href=\"#collapse-1-7913\"><div class=\"fusion-toggle-icon-wrapper\"><div class=\"fusion-toggle-icon-wrapper-main\"><div class=\"fusion-toggle-icon-wrapper-sub\"><i class=\"fa-fusion-box\" aria-hidden=\"true\"><\/i><\/div><\/div><\/div><div class=\"fusion-toggle-heading\">Ich wohne nicht in Buenos Aires. Kann ich trotzdem eine Ausbildung machen am BBZ?<\/div><\/a><\/h4><\/div><div id=\"collapse-1-7913\" class=\"panel-collapse collapse\"><div class=\"panel-body toggle-content post-content\"><p>Selbstverst\u00e4ndlich. Meld`Dich bei uns, wir versuchen gemeinsam eine L\u00f6sung zu finden.<br \/>\nKontakt E-mail: <a href=\"mailto:bbz@iballester.edu.ar\">bbz@iballester.edu.ar<\/a><\/p>\n<\/div><\/div><\/div><div class=\"fusion-panel panel-default fusion-faq-post fusion-faq-post-7915 ausbildung \"><span class=\"entry-title rich-snippet-hidden\">Wo wird der BBZ-Unterricht erteilt?<\/span><span class=\"vcard rich-snippet-hidden\"><span class=\"fn\"><a href=\"https:\/\/bbz.iballester.edu.ar\/de\/author\/christian\/\" title=\"Beitr\u00e4ge von Christian\" rel=\"author\">Christian<\/a><\/span><\/span><span class=\"updated rich-snippet-hidden\">2021-06-18T14:34:49-03:00<\/span><div class=\"panel-heading\"><h4 class=\"panel-title toggle\"><a data-toggle=\"collapse\" class=\"collapsed\" data-target=\"#collapse-1-7915\" href=\"#collapse-1-7915\"><div class=\"fusion-toggle-icon-wrapper\"><div class=\"fusion-toggle-icon-wrapper-main\"><div class=\"fusion-toggle-icon-wrapper-sub\"><i class=\"fa-fusion-box\" aria-hidden=\"true\"><\/i><\/div><\/div><\/div><div class=\"fusion-toggle-heading\">Wo wird der BBZ-Unterricht erteilt?<\/div><\/a><\/h4><\/div><div id=\"collapse-1-7915\" class=\"panel-collapse collapse\"><div class=\"panel-body toggle-content post-content\"><p>Das Berufsbildungszentrum (BBZ) ist die Berufsschule, die f\u00fcr die trilinguale, (spanisch-deutsch-englisch) theoretische Ausbildung zust\u00e4ndig ist. Das BBZ ist Teil des Instituto Ballester Deutsche Schule in Villa Ballester, Prov. Buenos Aires.<\/p>\n<p>69. Stra\u00dfe Nr. 5140 (ex San Mart\u00edn 444)<br \/>\nB1653LXJ, Villa Ballester<br \/>\nBuenos Aires, Argentinien<\/p>\n<\/div><\/div><\/div><div class=\"fusion-panel panel-default fusion-faq-post fusion-faq-post-7917 ausbildung \"><span class=\"entry-title rich-snippet-hidden\">Welche Voraussetzungen muss ich haben, um eine Ausbildung beginnen zu k\u00f6nnen?<\/span><span class=\"vcard rich-snippet-hidden\"><span class=\"fn\"><a href=\"https:\/\/bbz.iballester.edu.ar\/de\/author\/christian\/\" title=\"Beitr\u00e4ge von Christian\" rel=\"author\">Christian<\/a><\/span><\/span><span class=\"updated rich-snippet-hidden\">2021-06-18T14:34:49-03:00<\/span><div class=\"panel-heading\"><h4 class=\"panel-title toggle\"><a data-toggle=\"collapse\" class=\"collapsed\" data-target=\"#collapse-1-7917\" href=\"#collapse-1-7917\"><div class=\"fusion-toggle-icon-wrapper\"><div class=\"fusion-toggle-icon-wrapper-main\"><div class=\"fusion-toggle-icon-wrapper-sub\"><i class=\"fa-fusion-box\" aria-hidden=\"true\"><\/i><\/div><\/div><\/div><div class=\"fusion-toggle-heading\">Welche Voraussetzungen muss ich haben, um eine Ausbildung beginnen zu k\u00f6nnen?<\/div><\/a><\/h4><\/div><div id=\"collapse-1-7917\" class=\"panel-collapse collapse\"><div class=\"panel-body toggle-content post-content\"><ol>\n<li>Erfolgreiches Abschlusszeugnis der Secunadar\u00eda (=h\u00f6chster Schulabschluss in Argentinien)<\/li>\n<li>Alter zwischen 18 und 23 Jahren<\/li>\n<li>Englisch-Niveau mindestens B1 (Prelimanry)<\/li>\n<li>Deutsch-Niveau mindestens B1 (DSD1)<\/li>\n<li>Interesse f\u00fcr wirtschaftliche Zusammenh\u00e4nge<\/li>\n<\/ol>\n<p>&nbsp;<\/p>\n<\/div><\/div><\/div><div class=\"fusion-panel panel-default fusion-faq-post fusion-faq-post-7920 ausbildung \"><span class=\"entry-title rich-snippet-hidden\">Wie sieht der Bewerbungsprozess aus?<\/span><span class=\"vcard rich-snippet-hidden\"><span class=\"fn\"><a href=\"https:\/\/bbz.iballester.edu.ar\/de\/author\/christian\/\" title=\"Beitr\u00e4ge von Christian\" rel=\"author\">Christian<\/a><\/span><\/span><span class=\"updated rich-snippet-hidden\">2021-06-18T14:34:51-03:00<\/span><div class=\"panel-heading\"><h4 class=\"panel-title toggle\"><a data-toggle=\"collapse\" class=\"collapsed\" data-target=\"#collapse-1-7920\" href=\"#collapse-1-7920\"><div class=\"fusion-toggle-icon-wrapper\"><div class=\"fusion-toggle-icon-wrapper-main\"><div class=\"fusion-toggle-icon-wrapper-sub\"><i class=\"fa-fusion-box\" aria-hidden=\"true\"><\/i><\/div><\/div><\/div><div class=\"fusion-toggle-heading\">Wie sieht der Bewerbungsprozess aus?<\/div><\/a><\/h4><\/div><div id=\"collapse-1-7920\" class=\"panel-collapse collapse\"><div class=\"panel-body toggle-content post-content\"><p><strong>Bewerbungsprozess<\/strong><\/p>\n<p>&nbsp;<\/p>\n<p><img decoding=\"async\" class=\"alignnone size-full wp-image-128\" src=\"http:\/\/bbz.iballester.edu.ar\/web20\/wp-content\/uploads\/2021\/05\/proceso.png\" alt=\"\" width=\"3514\" height=\"714\" srcset=\"https:\/\/bbz.iballester.edu.ar\/web20\/wp-content\/uploads\/2021\/05\/proceso-200x41.png 200w, https:\/\/bbz.iballester.edu.ar\/web20\/wp-content\/uploads\/2021\/05\/proceso-300x61.png 300w, https:\/\/bbz.iballester.edu.ar\/web20\/wp-content\/uploads\/2021\/05\/proceso-400x81.png 400w, https:\/\/bbz.iballester.edu.ar\/web20\/wp-content\/uploads\/2021\/05\/proceso-600x122.png 600w, https:\/\/bbz.iballester.edu.ar\/web20\/wp-content\/uploads\/2021\/05\/proceso-768x156.png 768w, https:\/\/bbz.iballester.edu.ar\/web20\/wp-content\/uploads\/2021\/05\/proceso-800x163.png 800w, https:\/\/bbz.iballester.edu.ar\/web20\/wp-content\/uploads\/2021\/05\/proceso-1024x208.png 1024w, https:\/\/bbz.iballester.edu.ar\/web20\/wp-content\/uploads\/2021\/05\/proceso-1200x244.png 1200w, https:\/\/bbz.iballester.edu.ar\/web20\/wp-content\/uploads\/2021\/05\/proceso-1536x312.png 1536w, https:\/\/bbz.iballester.edu.ar\/web20\/wp-content\/uploads\/2021\/05\/proceso.png 3514w\" sizes=\"(max-width: 3514px) 100vw, 3514px\" \/><\/p>\n<\/div><\/div><\/div><div class=\"fusion-panel panel-default fusion-faq-post fusion-faq-post-7923 ausbildung \"><span class=\"entry-title rich-snippet-hidden\">Was passiert, wenn ich die Ausbildungspr\u00fcfungen nicht bestehe?<\/span><span class=\"vcard rich-snippet-hidden\"><span class=\"fn\"><a href=\"https:\/\/bbz.iballester.edu.ar\/de\/author\/christian\/\" title=\"Beitr\u00e4ge von Christian\" rel=\"author\">Christian<\/a><\/span><\/span><span class=\"updated rich-snippet-hidden\">2021-06-18T14:34:48-03:00<\/span><div class=\"panel-heading\"><h4 class=\"panel-title toggle\"><a data-toggle=\"collapse\" class=\"collapsed\" data-target=\"#collapse-1-7923\" href=\"#collapse-1-7923\"><div class=\"fusion-toggle-icon-wrapper\"><div class=\"fusion-toggle-icon-wrapper-main\"><div class=\"fusion-toggle-icon-wrapper-sub\"><i class=\"fa-fusion-box\" aria-hidden=\"true\"><\/i><\/div><\/div><\/div><div class=\"fusion-toggle-heading\">Was passiert, wenn ich die Ausbildungspr\u00fcfungen nicht bestehe?<\/div><\/a><\/h4><\/div><div id=\"collapse-1-7923\" class=\"panel-collapse collapse\"><div class=\"panel-body toggle-content post-content\"><p>Ehrlich gesagt kommt es sehr selten vor, dass unsere Auszubildenden ihre Ausbildung nach <strong>2 Jahren<\/strong> nicht erfolgreich beenden k\u00f6nnen.<br \/>\nIn diesem Fall haben sie immerhin praktische Erfahrungen in einem Ausbildungsbetrieb gesammelt und die im Berufsbildungszentrum BBZ erworbenen theoretischen Kenntnisse erweitert.<\/p>\n<\/div><\/div><\/div><\/div><\/div><\/div><\/div><\/div><style type=\"text\/css\">.fusion-body .fusion-builder-column-1{width:60% !important;margin-top : 0px;margin-bottom : 20px;}.fusion-builder-column-1 > .fusion-column-wrapper {padding-top : 0px !important;padding-right : 0px !important;margin-right : 3.2%;padding-bottom : 0px !important;padding-left : 0px !important;margin-left : 3.2%;}@media only screen and (max-width:1024px) {.fusion-body .fusion-builder-column-1{width:60% !important;order : 0;}.fusion-builder-column-1 > .fusion-column-wrapper {margin-right : 3.2%;margin-left : 3.2%;}}@media only screen and (max-width:640px) {.fusion-body .fusion-builder-column-1{width:100% !important;order : 0;}.fusion-builder-column-1 > .fusion-column-wrapper {margin-right : 1.92%;margin-left : 1.92%;}}<\/style><\/div><div class=\"fusion-layout-column fusion_builder_column fusion-builder-column-2 fusion_builder_column_1_5 1_5 fusion-flex-column\"><div class=\"fusion-column-wrapper fusion-flex-justify-content-flex-start fusion-content-layout-column\" style=\"background-position:left top;background-repeat:no-repeat;-webkit-background-size:cover;-moz-background-size:cover;-o-background-size:cover;background-size:cover;padding: 0px 0px 0px 0px;\"><\/div><style type=\"text\/css\">.fusion-body .fusion-builder-column-2{width:20% !important;margin-top : 0px;margin-bottom : 20px;}.fusion-builder-column-2 > .fusion-column-wrapper {padding-top : 0px !important;padding-right : 0px !important;margin-right : 9.6%;padding-bottom : 0px !important;padding-left : 0px !important;margin-left : 9.6%;}@media only screen and (max-width:1024px) {.fusion-body .fusion-builder-column-2{width:20% !important;order : 0;}.fusion-builder-column-2 > .fusion-column-wrapper {margin-right : 9.6%;margin-left : 9.6%;}}@media only screen and (max-width:640px) {.fusion-body .fusion-builder-column-2{width:100% !important;order : 0;}.fusion-builder-column-2 > .fusion-column-wrapper {margin-right : 1.92%;margin-left : 1.92%;}}<\/style><\/div><\/div><style type=\"text\/css\">.fusion-body .fusion-flex-container.fusion-builder-row-1{ padding-top : 0px;margin-top : 0px;padding-right : 0px;padding-bottom : 0px;margin-bottom : 0px;padding-left : 0px;}<\/style><\/div>\n","protected":false},"excerpt":{"rendered":"","protected":false},"author":2,"featured_media":0,"parent":0,"menu_order":12,"comment_status":"closed","ping_status":"closed","template":"","meta":{"footnotes":""},"class_list":["post-7872","page","type-page","status-publish","hentry"],"yoast_head":"<!-- This site is optimized with the Yoast SEO plugin v27.4 - https:\/\/yoast.com\/product\/yoast-seo-wordpress\/ -->\n<title>FAQ - BBZ | Centro de Capacitaci\u00f3n Profesional<\/title>\n<meta name=\"robots\" content=\"index, follow, max-snippet:-1, max-image-preview:large, max-video-preview:-1\" \/>\n<link rel=\"canonical\" href=\"https:\/\/bbz.iballester.edu.ar\/de\/faq\/\" \/>\n<meta property=\"og:locale\" content=\"de_DE\" \/>\n<meta property=\"og:type\" content=\"article\" \/>\n<meta property=\"og:title\" content=\"FAQ - BBZ | Centro de Capacitaci\u00f3n Profesional\" \/>\n<meta property=\"og:url\" content=\"https:\/\/bbz.iballester.edu.ar\/de\/faq\/\" \/>\n<meta property=\"og:site_name\" content=\"BBZ | Centro de Capacitaci\u00f3n Profesional\" \/>\n<meta property=\"article:modified_time\" content=\"2021-06-18T17:37:23+00:00\" \/>\n<meta name=\"twitter:card\" content=\"summary_large_image\" \/>\n<meta name=\"twitter:label1\" content=\"Gesch\u00e4tzte Lesezeit\" \/>\n\t<meta name=\"twitter:data1\" content=\"2\u00a0Minuten\" \/>\n<script type=\"application\/ld+json\" class=\"yoast-schema-graph\">{\"@context\":\"https:\\\/\\\/schema.org\",\"@graph\":[{\"@type\":\"WebPage\",\"@id\":\"https:\\\/\\\/bbz.iballester.edu.ar\\\/de\\\/faq\\\/\",\"url\":\"https:\\\/\\\/bbz.iballester.edu.ar\\\/de\\\/faq\\\/\",\"name\":\"FAQ - BBZ | Centro de Capacitaci\u00f3n Profesional\",\"isPartOf\":{\"@id\":\"https:\\\/\\\/bbz.iballester.edu.ar\\\/#website\"},\"datePublished\":\"2021-05-10T01:16:59+00:00\",\"dateModified\":\"2021-06-18T17:37:23+00:00\",\"breadcrumb\":{\"@id\":\"https:\\\/\\\/bbz.iballester.edu.ar\\\/de\\\/faq\\\/#breadcrumb\"},\"inLanguage\":\"de\",\"potentialAction\":[{\"@type\":\"ReadAction\",\"target\":[\"https:\\\/\\\/bbz.iballester.edu.ar\\\/de\\\/faq\\\/\"]}]},{\"@type\":\"BreadcrumbList\",\"@id\":\"https:\\\/\\\/bbz.iballester.edu.ar\\\/de\\\/faq\\\/#breadcrumb\",\"itemListElement\":[{\"@type\":\"ListItem\",\"position\":1,\"name\":\"Portada\",\"item\":\"https:\\\/\\\/bbz.iballester.edu.ar\\\/de\\\/\"},{\"@type\":\"ListItem\",\"position\":2,\"name\":\"FAQ\"}]},{\"@type\":\"WebSite\",\"@id\":\"https:\\\/\\\/bbz.iballester.edu.ar\\\/#website\",\"url\":\"https:\\\/\\\/bbz.iballester.edu.ar\\\/\",\"name\":\"BBZ | Centro de Capacitaci\u00f3n Profesional\",\"description\":\"BBZ - Centro de Capacitaci\u00f3n Profesional (Sistema Dual Aleman)\",\"potentialAction\":[{\"@type\":\"SearchAction\",\"target\":{\"@type\":\"EntryPoint\",\"urlTemplate\":\"https:\\\/\\\/bbz.iballester.edu.ar\\\/?s={search_term_string}\"},\"query-input\":{\"@type\":\"PropertyValueSpecification\",\"valueRequired\":true,\"valueName\":\"search_term_string\"}}],\"inLanguage\":\"de\"}]}<\/script>\n<!-- \/ Yoast SEO plugin. -->","yoast_head_json":{"title":"FAQ - BBZ | Centro de Capacitaci\u00f3n Profesional","robots":{"index":"index","follow":"follow","max-snippet":"max-snippet:-1","max-image-preview":"max-image-preview:large","max-video-preview":"max-video-preview:-1"},"canonical":"https:\/\/bbz.iballester.edu.ar\/de\/faq\/","og_locale":"de_DE","og_type":"article","og_title":"FAQ - BBZ | Centro de Capacitaci\u00f3n Profesional","og_url":"https:\/\/bbz.iballester.edu.ar\/de\/faq\/","og_site_name":"BBZ | Centro de Capacitaci\u00f3n Profesional","article_modified_time":"2021-06-18T17:37:23+00:00","twitter_card":"summary_large_image","twitter_misc":{"Gesch\u00e4tzte Lesezeit":"2\u00a0Minuten"},"schema":{"@context":"https:\/\/schema.org","@graph":[{"@type":"WebPage","@id":"https:\/\/bbz.iballester.edu.ar\/de\/faq\/","url":"https:\/\/bbz.iballester.edu.ar\/de\/faq\/","name":"FAQ - BBZ | Centro de Capacitaci\u00f3n Profesional","isPartOf":{"@id":"https:\/\/bbz.iballester.edu.ar\/#website"},"datePublished":"2021-05-10T01:16:59+00:00","dateModified":"2021-06-18T17:37:23+00:00","breadcrumb":{"@id":"https:\/\/bbz.iballester.edu.ar\/de\/faq\/#breadcrumb"},"inLanguage":"de","potentialAction":[{"@type":"ReadAction","target":["https:\/\/bbz.iballester.edu.ar\/de\/faq\/"]}]},{"@type":"BreadcrumbList","@id":"https:\/\/bbz.iballester.edu.ar\/de\/faq\/#breadcrumb","itemListElement":[{"@type":"ListItem","position":1,"name":"Portada","item":"https:\/\/bbz.iballester.edu.ar\/de\/"},{"@type":"ListItem","position":2,"name":"FAQ"}]},{"@type":"WebSite","@id":"https:\/\/bbz.iballester.edu.ar\/#website","url":"https:\/\/bbz.iballester.edu.ar\/","name":"BBZ | Centro de Capacitaci\u00f3n Profesional","description":"BBZ - Centro de Capacitaci\u00f3n Profesional (Sistema Dual Aleman)","potentialAction":[{"@type":"SearchAction","target":{"@type":"EntryPoint","urlTemplate":"https:\/\/bbz.iballester.edu.ar\/?s={search_term_string}"},"query-input":{"@type":"PropertyValueSpecification","valueRequired":true,"valueName":"search_term_string"}}],"inLanguage":"de"}]}},"_links":{"self":[{"href":"https:\/\/bbz.iballester.edu.ar\/de\/wp-json\/wp\/v2\/pages\/7872","targetHints":{"allow":["GET"]}}],"collection":[{"href":"https:\/\/bbz.iballester.edu.ar\/de\/wp-json\/wp\/v2\/pages"}],"about":[{"href":"https:\/\/bbz.iballester.edu.ar\/de\/wp-json\/wp\/v2\/types\/page"}],"author":[{"embeddable":true,"href":"https:\/\/bbz.iballester.edu.ar\/de\/wp-json\/wp\/v2\/users\/2"}],"replies":[{"embeddable":true,"href":"https:\/\/bbz.iballester.edu.ar\/de\/wp-json\/wp\/v2\/comments?post=7872"}],"version-history":[{"count":5,"href":"https:\/\/bbz.iballester.edu.ar\/de\/wp-json\/wp\/v2\/pages\/7872\/revisions"}],"predecessor-version":[{"id":7927,"href":"https:\/\/bbz.iballester.edu.ar\/de\/wp-json\/wp\/v2\/pages\/7872\/revisions\/7927"}],"wp:attachment":[{"href":"https:\/\/bbz.iballester.edu.ar\/de\/wp-json\/wp\/v2\/media?parent=7872"}],"curies":[{"name":"wp","href":"https:\/\/api.w.org\/{rel}","templated":true}]}}