{"id":7868,"date":"2021-05-09T22:37:56","date_gmt":"2021-05-10T01:37:56","guid":{"rendered":"https:\/\/bbz.iballester.edu.ar\/convenios-y-cooperaciones\/"},"modified":"2021-06-14T16:43:29","modified_gmt":"2021-06-14T19:43:29","slug":"universitaets-vereinbarungen","status":"publish","type":"page","link":"https:\/\/bbz.iballester.edu.ar\/de\/universitaets-vereinbarungen\/","title":{"rendered":"\u00dcbereinkommen und Kooperationen"},"content":{"rendered":"<div class=\"fusion-fullwidth fullwidth-box fusion-builder-row-1 fusion-flex-container nonhundred-percent-fullwidth non-hundred-percent-height-scrolling\" style=\"background-color: rgba(255,255,255,0);background-position: center center;background-repeat: no-repeat;border-width: 0px 0px 0px 0px;border-color:#e2e2e2;border-style:solid;\" ><div class=\"fusion-builder-row fusion-row fusion-flex-align-items-flex-start\" style=\"max-width:1248px;margin-left: calc(-4% \/ 2 );margin-right: calc(-4% \/ 2 );\"><div class=\"fusion-layout-column fusion_builder_column fusion-builder-column-0 fusion_builder_column_1_1 1_1 fusion-flex-column\"><div class=\"fusion-column-wrapper fusion-flex-justify-content-flex-start fusion-content-layout-column\" style=\"background-position:left top;background-repeat:no-repeat;-webkit-background-size:cover;-moz-background-size:cover;-o-background-size:cover;background-size:cover;padding: 0px 0px 0px 0px;\"><div class=\"fusion-text fusion-text-1\"><h3>Vereinbarungen mit Universit\u00e4ten<\/h3>\n<\/div><div style=\"text-align:left;\"><span class=\" fusion-imageframe imageframe-none imageframe-1 hover-type-none separadorcito\"><img decoding=\"async\" width=\"57\" height=\"7\" title=\"sep-left\" src=\"http:\/\/bbz.iballester.edu.ar\/web20\/wp-content\/uploads\/2021\/05\/sep-left.svg\" class=\"img-responsive wp-image-7258\"\/><\/span><\/div><div class=\"fusion-text fusion-text-2 fusion-text-no-margin\" style=\"margin-bottom:50px;\"><p>El <strong>BBZ<\/strong> realiza anualmente convenios con universidades de renombre, las cuales reconocen las materias de la capacitaci\u00f3n. Con estos convenios se acorta considerablemente la carrera universitaria, se ahorran cuotas universitarias y demuestra la importancia que le dan las universidades a la capacitaci\u00f3n dual alemana.<\/p>\n<\/div><style type=\"text\/css\">@media only screen and (max-width:1024px) {.fusion-title.fusion-title-1{margin-top:10px!important; margin-right:0px!important;margin-bottom:30px!important;margin-left:0px!important;}}@media only screen and (max-width:640px) {.fusion-title.fusion-title-1{margin-top:10px!important; margin-right:0px!important;margin-bottom:10px!important; margin-left:0px!important;}}<\/style><div class=\"fusion-title title fusion-title-1 sep-underline sep-solid fusion-title-text fusion-title-size-three\" style=\"border-bottom-color:#e2e2e2;margin-top:10px;margin-right:0px;margin-bottom:30px;margin-left:0px;\"><h3 class=\"title-heading-left\" style=\"margin:0;\">Convenio de reconocimiento de materias BBZ &#8211; USAL<\/h3><\/div><div class=\"fusion-builder-row fusion-builder-row-inner fusion-row fusion-flex-align-items-flex-start\" style=\"width:104% !important;max-width:104% !important;margin-left: calc(-4% \/ 2 );margin-right: calc(-4% \/ 2 );\"><div class=\"fusion-layout-column fusion_builder_column_inner fusion-builder-nested-column-0 fusion_builder_column_inner_1_3 1_3 fusion-flex-column\"><div class=\"fusion-column-wrapper fusion-flex-justify-content-flex-start fusion-content-layout-column\" style=\"background-position:left top;background-repeat:no-repeat;-webkit-background-size:cover;-moz-background-size:cover;-o-background-size:cover;background-size:cover;padding: 0px 0px 0px 0px;\"><div ><span class=\" fusion-imageframe imageframe-none imageframe-2 hover-type-none\"><a class=\"fusion-no-lightbox\" href=\"http:\/\/www.usal.edu.ar\/\" target=\"_blank\" aria-label=\"USAL-logo\" rel=\"noopener noreferrer\"><img decoding=\"async\" width=\"400\" height=\"209\" src=\"http:\/\/bbz.iballester.edu.ar\/web20\/wp-content\/uploads\/2021\/05\/USAL-logo.png\" class=\"img-responsive wp-image-7364\" srcset=\"https:\/\/bbz.iballester.edu.ar\/web20\/wp-content\/uploads\/2021\/05\/USAL-logo-200x105.png 200w, https:\/\/bbz.iballester.edu.ar\/web20\/wp-content\/uploads\/2021\/05\/USAL-logo.png 400w\" sizes=\"(max-width: 640px) 100vw, 400px\" \/><\/a><\/span><\/div><\/div><style type=\"text\/css\">.fusion-body .fusion-builder-nested-column-0{width:33.333333333333% !important;margin-top : 0px;margin-bottom : 20px;}.fusion-builder-nested-column-0 > .fusion-column-wrapper {padding-top : 0px !important;padding-right : 0px !important;margin-right : 5.76%;padding-bottom : 0px !important;padding-left : 0px !important;margin-left : 5.76%;}@media only screen and (max-width:1024px) {.fusion-body .fusion-builder-nested-column-0{width:33.333333333333% !important;order : 0;}.fusion-builder-nested-column-0 > .fusion-column-wrapper {margin-right : 5.76%;margin-left : 5.76%;}}@media only screen and (max-width:640px) {.fusion-body .fusion-builder-nested-column-0{width:100% !important;order : 0;}.fusion-builder-nested-column-0 > .fusion-column-wrapper {margin-right : 1.92%;margin-left : 1.92%;}}<\/style><\/div><div class=\"fusion-layout-column fusion_builder_column_inner fusion-builder-nested-column-1 fusion_builder_column_inner_2_3 2_3 fusion-flex-column\"><div class=\"fusion-column-wrapper fusion-flex-justify-content-flex-start fusion-content-layout-column\" style=\"background-position:left top;background-repeat:no-repeat;-webkit-background-size:cover;-moz-background-size:cover;-o-background-size:cover;background-size:cover;padding: 0px 0px 0px 0px;\"><div class=\"fusion-text fusion-text-3\"><p>Los\u00a0<strong>egresados de las carreras IK, GK\u00a0<\/strong>y<strong>\u00a0KB<\/strong>\u00a0cuentan con\u00a0<strong>reconocimiento de la Universidad del Salvador<\/strong>\u00a0para las siguientes\u00a0<strong>carreras de grado<\/strong>:<\/p>\n<ul>\n<li>Licenciatura en Gerenciamiento Econ\u00f3mico Intercultural<\/li>\n<li>Licenciatura en Administraci\u00f3n en RRHH<\/li>\n<li>Licenciatura Administraci\u00f3n Bancaria<\/li>\n<li>Licenciatura en Administraci\u00f3n<\/li>\n<li>Licenciatura en Comercializaci\u00f3n<\/li>\n<li>Contador P\u00fablico<\/li>\n<li>Licenciatura en Comercio Internacional<\/li>\n<\/ul>\n<p>Para dicho reconocimiento es obligatorio que las mismas hayan sido aprobadas con nota 4 o superior en el Certificado Final del BBZ.<\/p>\n<\/div><\/div><style type=\"text\/css\">.fusion-body .fusion-builder-nested-column-1{width:66.666666666667% !important;margin-top : 0px;margin-bottom : 20px;}.fusion-builder-nested-column-1 > .fusion-column-wrapper {padding-top : 0px !important;padding-right : 0px !important;margin-right : 2.88%;padding-bottom : 0px !important;padding-left : 0px !important;margin-left : 2.88%;}@media only screen and (max-width:1024px) {.fusion-body .fusion-builder-nested-column-1{width:66.666666666667% !important;order : 0;}.fusion-builder-nested-column-1 > .fusion-column-wrapper {margin-right : 2.88%;margin-left : 2.88%;}}@media only screen and (max-width:640px) {.fusion-body .fusion-builder-nested-column-1{width:100% !important;order : 0;}.fusion-builder-nested-column-1 > .fusion-column-wrapper {margin-right : 1.92%;margin-left : 1.92%;}}<\/style><\/div><\/div><div class=\"fusion-builder-row fusion-builder-row-inner fusion-row fusion-flex-align-items-flex-start\" style=\"width:104% !important;max-width:104% !important;margin-left: calc(-4% \/ 2 );margin-right: calc(-4% \/ 2 );\"><div class=\"fusion-layout-column fusion_builder_column_inner fusion-builder-nested-column-2 fusion_builder_column_inner_1_3 1_3 fusion-flex-column\"><div class=\"fusion-column-wrapper fusion-flex-justify-content-flex-start fusion-content-layout-column\" style=\"background-position:left top;background-repeat:no-repeat;-webkit-background-size:cover;-moz-background-size:cover;-o-background-size:cover;background-size:cover;padding: 0px 0px 0px 0px;\"><div ><span class=\" fusion-imageframe imageframe-none imageframe-3 hover-type-none\"><a class=\"fusion-no-lightbox\" href=\"http:\/\/www.uni-passau.de\/bachelor-kulturwirtschaft\/\" target=\"_blank\" aria-label=\"unipassau-logo\" rel=\"noopener noreferrer\"><img decoding=\"async\" width=\"400\" height=\"177\" src=\"http:\/\/bbz.iballester.edu.ar\/web20\/wp-content\/uploads\/2021\/05\/unipassau-logo.png\" class=\"img-responsive wp-image-7365\" srcset=\"https:\/\/bbz.iballester.edu.ar\/web20\/wp-content\/uploads\/2021\/05\/unipassau-logo-200x89.png 200w, https:\/\/bbz.iballester.edu.ar\/web20\/wp-content\/uploads\/2021\/05\/unipassau-logo.png 400w\" sizes=\"(max-width: 640px) 100vw, 400px\" \/><\/a><\/span><\/div><\/div><style type=\"text\/css\">.fusion-body .fusion-builder-nested-column-2{width:33.333333333333% !important;margin-top : 0px;margin-bottom : 20px;}.fusion-builder-nested-column-2 > .fusion-column-wrapper {padding-top : 0px !important;padding-right : 0px !important;margin-right : 5.76%;padding-bottom : 0px !important;padding-left : 0px !important;margin-left : 5.76%;}@media only screen and (max-width:1024px) {.fusion-body .fusion-builder-nested-column-2{width:33.333333333333% !important;order : 0;}.fusion-builder-nested-column-2 > .fusion-column-wrapper {margin-right : 5.76%;margin-left : 5.76%;}}@media only screen and (max-width:640px) {.fusion-body .fusion-builder-nested-column-2{width:100% !important;order : 0;}.fusion-builder-nested-column-2 > .fusion-column-wrapper {margin-right : 1.92%;margin-left : 1.92%;}}<\/style><\/div><div class=\"fusion-layout-column fusion_builder_column_inner fusion-builder-nested-column-3 fusion_builder_column_inner_2_3 2_3 fusion-flex-column\"><div class=\"fusion-column-wrapper fusion-flex-justify-content-flex-start fusion-content-layout-column\" style=\"background-position:left top;background-repeat:no-repeat;-webkit-background-size:cover;-moz-background-size:cover;-o-background-size:cover;background-size:cover;padding: 0px 0px 0px 0px;\"><div class=\"fusion-text fusion-text-4\"><p>Los Alumni del BBZ que decidan continuar sus estudios eligiendo la carrera\u00a0<strong>Licenciatura en Gerenciamiento Econ\u00f3mico Intercultural (LiGEI)<\/strong>\u00a0formar\u00e1n parte de la primer carrera de grado de doble titulaci\u00f3n argentino-alemana de nuestro pa\u00eds. Dichos alumnos podr\u00e1n completar su \u00faltimo a\u00f1o de estudios en la\u00a0<a href=\"http:\/\/www.uni-passau.de\/bachelor-kulturwirtschaft\/\" target=\"_blank\" rel=\"noopener\">Universidad de Passau<\/a>, obteniendo el t\u00edtulo\u00a0<strong>\u201eBachelor Kulturwirtschaft \u2013 International Cultural and Business Studies\u201c<\/strong>.<\/p>\n<\/div><\/div><style type=\"text\/css\">.fusion-body .fusion-builder-nested-column-3{width:66.666666666667% !important;margin-top : 0px;margin-bottom : 20px;}.fusion-builder-nested-column-3 > .fusion-column-wrapper {padding-top : 0px !important;padding-right : 0px !important;margin-right : 2.88%;padding-bottom : 0px !important;padding-left : 0px !important;margin-left : 2.88%;}@media only screen and (max-width:1024px) {.fusion-body .fusion-builder-nested-column-3{width:66.666666666667% !important;order : 0;}.fusion-builder-nested-column-3 > .fusion-column-wrapper {margin-right : 2.88%;margin-left : 2.88%;}}@media only screen and (max-width:640px) {.fusion-body .fusion-builder-nested-column-3{width:100% !important;order : 0;}.fusion-builder-nested-column-3 > .fusion-column-wrapper {margin-right : 1.92%;margin-left : 1.92%;}}<\/style><\/div><\/div><div class=\"fusion-alert alert general alert-info fusion-alert-center alert-shadow\" style=\"background-color:#ffffff;color:#4a4e57;border-color:#4a4e57;border-width:1px;margin-right:100px;margin-left:100px;\"><div class=\"fusion-alert-content-wrapper\"><span class=\"alert-icon\"><i class=\"fa-lg fa fa-info-circle\" aria-hidden=\"true\"><\/i><\/span><span class=\"fusion-alert-content\"><p style=\"text-align: center;\"><em>Los convenios con las universidades son de car\u00e1cter anual y pueden sufrir modificaciones de a\u00f1o a a\u00f1o.<br \/>\nPara informaci\u00f3n actualizada, comunicarse con <a href=\"mailto:bbz@iballester.edu.ar\">bbz@iballester.edu.ar<\/a>.<\/em><\/p><\/span><\/div><\/div><\/div><style type=\"text\/css\">.fusion-body .fusion-builder-column-0{width:100% !important;margin-top : 0px;margin-bottom : 20px;}.fusion-builder-column-0 > .fusion-column-wrapper {padding-top : 0px !important;padding-right : 0px !important;margin-right : 1.92%;padding-bottom : 0px !important;padding-left : 0px !important;margin-left : 1.92%;}@media only screen and (max-width:1024px) {.fusion-body .fusion-builder-column-0{width:100% !important;order : 0;}.fusion-builder-column-0 > .fusion-column-wrapper {margin-right : 1.92%;margin-left : 1.92%;}}@media only screen and (max-width:640px) {.fusion-body .fusion-builder-column-0{width:100% !important;order : 0;}.fusion-builder-column-0 > .fusion-column-wrapper {margin-right : 1.92%;margin-left : 1.92%;}}<\/style><\/div><div class=\"fusion-layout-column fusion_builder_column fusion-builder-column-1 fusion_builder_column_1_1 1_1 fusion-flex-column\"><div class=\"fusion-column-wrapper fusion-flex-justify-content-flex-start fusion-content-layout-column\" style=\"background-position:left top;background-repeat:no-repeat;-webkit-background-size:cover;-moz-background-size:cover;-o-background-size:cover;background-size:cover;padding: 0px 0px 0px 0px;\"><div class=\"fusion-text fusion-text-5\"><h3>Kooperationen<\/h3>\n<\/div><div style=\"text-align:left;\"><span class=\" fusion-imageframe imageframe-none imageframe-4 hover-type-none separadorcito\"><img decoding=\"async\" width=\"57\" height=\"7\" title=\"sep-left\" src=\"http:\/\/bbz.iballester.edu.ar\/web20\/wp-content\/uploads\/2021\/05\/sep-left.svg\" class=\"img-responsive wp-image-7258\"\/><\/span><\/div><div class=\"fusion-text fusion-text-6\"><p>Desde hace a\u00f1os mantenemos contacto permanente con los centros de <strong>Formaci\u00f3n Dual<\/strong> de Latinoam\u00e9rica y tambi\u00e9n con otros centros del mundo, a trav\u00e9s de capacitaciones o encuentros de intercambio.<\/p>\n<p>En Sudam\u00e9rica, los mismos est\u00e1n situados en Buenos Aires, Guatemala, La Paz, Lima, Sao Paulo y Santiago de Chile. En Europa, en Barcelona, Madrid u Hungr\u00eda y en el continente asi\u00e1tico, HongKong cuenta actualmente con un escuela alemana de capacitaci\u00f3n.<\/p>\n<p>Todas las escuelas alemanas del extranjero ofrecen b\u00e1sicamente una capacitaci\u00f3n profesional comercial-administrativa. La oferta se basa en las exigencias y realidades regionales.<\/p>\n<\/div>\n<div class=\"table-2\">\n<table width=\"100%\">\n<thead>\n<tr>\n<th align=\"left\">Ciudad<\/th>\n<th align=\"left\">Escuela<\/th>\n<th align=\"left\">E-mail<\/th>\n<th align=\"left\">Sitio Web<\/th>\n<\/tr>\n<\/thead>\n<tbody>\n<tr>\n<td align=\"left\">Buenos Aires, Argentina<\/td>\n<td align=\"left\"><strong>BBZ Buenos Aires<\/strong><\/td>\n<td align=\"left\">bbz@iballester.edu.ar<\/td>\n<td align=\"left\"><a href=\"https:\/\/bbz.iballester.edu.ar\/\" target=\"_blank\" rel=\"noopener\">bbz.iballester.edu.ar<\/a><\/td>\n<\/tr>\n<tr>\n<td align=\"left\">Santiago de Chile, Chile<\/td>\n<td align=\"left\"><strong>INSALCO Santiago<\/strong><\/td>\n<td align=\"left\">insalco@dsstgo.cl<\/td>\n<td align=\"left\"><a href=\"https:\/\/www.insalco.cl\/\" target=\"_blank\" rel=\"noopener\">www.insalco.cl<\/a><\/td>\n<\/tr>\n<tr>\n<td align=\"left\">Sao Paolo, Brasil<\/td>\n<td align=\"left\"><strong>Berufsschule Humbodt<\/strong><\/td>\n<td align=\"left\">profissional@humboldt.com.br<\/td>\n<td align=\"left\"><a href=\"https:\/\/www.humboldt.com.br\/de\/berufsbildung\/berufsschule\/\" target=\"_blank\" rel=\"noopener\">www.humboldt.com.br<\/a><\/td>\n<\/tr>\n<tr>\n<td align=\"left\">Lima, Per\u00fa<\/td>\n<td align=\"left\"><strong>BBZ Colegio Humboldt<\/strong><\/td>\n<td align=\"left\">abuddecke@humboldt.edu.pe<\/td>\n<td align=\"left\"><a href=\"https:\/\/www.colegio-humboldt.edu.pe\/\" target=\"_blank\" rel=\"noopener\">www.colegio-humboldt.edu.pe<\/a><\/td>\n<\/tr>\n<tr>\n<td align=\"left\">La Paz, Bolivia<\/td>\n<td align=\"left\"><strong>Berufsschule La Paz<\/strong><\/td>\n<td align=\"left\">b.robbert@ds-lapaz.edu.bo<\/td>\n<td align=\"left\"><a href=\"https:\/\/www.ds-lapaz.edu.bo\/bs\/\" target=\"_blank\" rel=\"noopener\">www.ds-lapaz.edu.bo<\/a><\/td>\n<\/tr>\n<tr>\n<td align=\"left\">Gautemala<\/td>\n<td align=\"left\"><strong>German Business School<\/strong><\/td>\n<td align=\"left\">directordual@dsguatemala.edu.gt<\/td>\n<td align=\"left\"><a href=\"https:\/\/www.gbsguatemala.edu.gt\/\" target=\"_blank\" rel=\"noopener\">www.gbsguatemala.edu.gt<\/a><\/td>\n<\/tr>\n<tr>\n<td align=\"left\">Hongkong, China<\/td>\n<td align=\"left\"><strong>Business and Accountancy School<\/strong><\/td>\n<td align=\"left\">Thorsten.Rauhut@kaplan.com<\/td>\n<td align=\"left\"><a href=\"https:\/\/www.kaplan.com.hk\/business-and-accountancy-school\" target=\"_blank\" rel=\"noopener\">www.kaplan.com.hk<\/a><\/td>\n<\/tr>\n<tr>\n<td align=\"left\">Madrid, Espa\u00f1a<\/td>\n<td align=\"left\"><strong>FEDA German Business School<\/strong><\/td>\n<td align=\"left\">info@feda-madrid.com<\/td>\n<td align=\"left\"><a href=\"https:\/\/www.feda-madrid.com\/\" target=\"_blank\" rel=\"noopener\">www.feda-madrid.com<\/a><\/td>\n<\/tr>\n<tr>\n<td align=\"left\">Barcelona, Espa\u00f1a<\/td>\n<td align=\"left\"><strong>FEDA German Business School<\/strong><\/td>\n<td align=\"left\">barcelona@feda-business-school.com<\/td>\n<td align=\"left\"><a href=\"https:\/\/fedaedu.com\/\" target=\"_blank\" rel=\"noopener\">www.fedaedu.com<\/a><\/td>\n<\/tr>\n<tr>\n<td align=\"left\">Hungr\u00eda<\/td>\n<td align=\"left\"><strong>Audi Hungaria Schule<\/strong><\/td>\n<td align=\"left\">berufliche.bildung@audischule.hu<\/td>\n<td align=\"left\"><a href=\"https:\/\/audischule.hu\/de\" target=\"_blank\" rel=\"noopener\">www.audischule.hu<\/a><\/td>\n<\/tr>\n<\/tbody>\n<\/table>\n<\/div>\n<\/div><style type=\"text\/css\">.fusion-body .fusion-builder-column-1{width:100% !important;margin-top : 0px;margin-bottom : 20px;}.fusion-builder-column-1 > .fusion-column-wrapper {padding-top : 0px !important;padding-right : 0px !important;margin-right : 1.92%;padding-bottom : 0px !important;padding-left : 0px !important;margin-left : 1.92%;}@media only screen and (max-width:1024px) {.fusion-body .fusion-builder-column-1{width:100% !important;order : 0;}.fusion-builder-column-1 > .fusion-column-wrapper {margin-right : 1.92%;margin-left : 1.92%;}}@media only screen and (max-width:640px) {.fusion-body .fusion-builder-column-1{width:100% !important;order : 0;}.fusion-builder-column-1 > .fusion-column-wrapper {margin-right : 1.92%;margin-left : 1.92%;}}<\/style><\/div><\/div><style type=\"text\/css\">.fusion-body .fusion-flex-container.fusion-builder-row-1{ padding-top : 0px;margin-top : 0px;padding-right : 0px;padding-bottom : 0px;margin-bottom : 0px;padding-left : 0px;}<\/style><\/div>\n","protected":false},"excerpt":{"rendered":"","protected":false},"author":2,"featured_media":0,"parent":0,"menu_order":9,"comment_status":"closed","ping_status":"closed","template":"","meta":{"footnotes":""},"class_list":["post-7868","page","type-page","status-publish","hentry"],"yoast_head":"<!-- This site is optimized with the Yoast SEO plugin v27.4 - https:\/\/yoast.com\/product\/yoast-seo-wordpress\/ -->\n<title>\u00dcbereinkommen und Kooperationen - BBZ | Centro de Capacitaci\u00f3n Profesional<\/title>\n<meta name=\"robots\" content=\"index, follow, max-snippet:-1, max-image-preview:large, max-video-preview:-1\" \/>\n<link rel=\"canonical\" href=\"https:\/\/bbz.iballester.edu.ar\/de\/universitaets-vereinbarungen\/\" \/>\n<meta property=\"og:locale\" content=\"de_DE\" \/>\n<meta property=\"og:type\" content=\"article\" \/>\n<meta property=\"og:title\" content=\"\u00dcbereinkommen und Kooperationen - BBZ | Centro de Capacitaci\u00f3n Profesional\" \/>\n<meta property=\"og:url\" content=\"https:\/\/bbz.iballester.edu.ar\/de\/universitaets-vereinbarungen\/\" \/>\n<meta property=\"og:site_name\" content=\"BBZ | Centro de Capacitaci\u00f3n Profesional\" \/>\n<meta property=\"article:modified_time\" content=\"2021-06-14T19:43:29+00:00\" \/>\n<meta name=\"twitter:card\" content=\"summary_large_image\" \/>\n<meta name=\"twitter:label1\" content=\"Gesch\u00e4tzte Lesezeit\" \/>\n\t<meta name=\"twitter:data1\" content=\"7\u00a0Minuten\" \/>\n<script type=\"application\/ld+json\" class=\"yoast-schema-graph\">{\"@context\":\"https:\\\/\\\/schema.org\",\"@graph\":[{\"@type\":\"WebPage\",\"@id\":\"https:\\\/\\\/bbz.iballester.edu.ar\\\/de\\\/universitaets-vereinbarungen\\\/\",\"url\":\"https:\\\/\\\/bbz.iballester.edu.ar\\\/de\\\/universitaets-vereinbarungen\\\/\",\"name\":\"\u00dcbereinkommen und Kooperationen - BBZ | Centro de Capacitaci\u00f3n Profesional\",\"isPartOf\":{\"@id\":\"https:\\\/\\\/bbz.iballester.edu.ar\\\/#website\"},\"datePublished\":\"2021-05-10T01:37:56+00:00\",\"dateModified\":\"2021-06-14T19:43:29+00:00\",\"breadcrumb\":{\"@id\":\"https:\\\/\\\/bbz.iballester.edu.ar\\\/de\\\/universitaets-vereinbarungen\\\/#breadcrumb\"},\"inLanguage\":\"de\",\"potentialAction\":[{\"@type\":\"ReadAction\",\"target\":[\"https:\\\/\\\/bbz.iballester.edu.ar\\\/de\\\/universitaets-vereinbarungen\\\/\"]}]},{\"@type\":\"BreadcrumbList\",\"@id\":\"https:\\\/\\\/bbz.iballester.edu.ar\\\/de\\\/universitaets-vereinbarungen\\\/#breadcrumb\",\"itemListElement\":[{\"@type\":\"ListItem\",\"position\":1,\"name\":\"Portada\",\"item\":\"https:\\\/\\\/bbz.iballester.edu.ar\\\/de\\\/\"},{\"@type\":\"ListItem\",\"position\":2,\"name\":\"\u00dcbereinkommen und Kooperationen\"}]},{\"@type\":\"WebSite\",\"@id\":\"https:\\\/\\\/bbz.iballester.edu.ar\\\/#website\",\"url\":\"https:\\\/\\\/bbz.iballester.edu.ar\\\/\",\"name\":\"BBZ | Centro de Capacitaci\u00f3n Profesional\",\"description\":\"BBZ - Centro de Capacitaci\u00f3n Profesional (Sistema Dual Aleman)\",\"potentialAction\":[{\"@type\":\"SearchAction\",\"target\":{\"@type\":\"EntryPoint\",\"urlTemplate\":\"https:\\\/\\\/bbz.iballester.edu.ar\\\/?s={search_term_string}\"},\"query-input\":{\"@type\":\"PropertyValueSpecification\",\"valueRequired\":true,\"valueName\":\"search_term_string\"}}],\"inLanguage\":\"de\"}]}<\/script>\n<!-- \/ Yoast SEO plugin. -->","yoast_head_json":{"title":"\u00dcbereinkommen und Kooperationen - BBZ | Centro de Capacitaci\u00f3n Profesional","robots":{"index":"index","follow":"follow","max-snippet":"max-snippet:-1","max-image-preview":"max-image-preview:large","max-video-preview":"max-video-preview:-1"},"canonical":"https:\/\/bbz.iballester.edu.ar\/de\/universitaets-vereinbarungen\/","og_locale":"de_DE","og_type":"article","og_title":"\u00dcbereinkommen und Kooperationen - BBZ | Centro de Capacitaci\u00f3n Profesional","og_url":"https:\/\/bbz.iballester.edu.ar\/de\/universitaets-vereinbarungen\/","og_site_name":"BBZ | Centro de Capacitaci\u00f3n Profesional","article_modified_time":"2021-06-14T19:43:29+00:00","twitter_card":"summary_large_image","twitter_misc":{"Gesch\u00e4tzte Lesezeit":"7\u00a0Minuten"},"schema":{"@context":"https:\/\/schema.org","@graph":[{"@type":"WebPage","@id":"https:\/\/bbz.iballester.edu.ar\/de\/universitaets-vereinbarungen\/","url":"https:\/\/bbz.iballester.edu.ar\/de\/universitaets-vereinbarungen\/","name":"\u00dcbereinkommen und Kooperationen - BBZ | Centro de Capacitaci\u00f3n Profesional","isPartOf":{"@id":"https:\/\/bbz.iballester.edu.ar\/#website"},"datePublished":"2021-05-10T01:37:56+00:00","dateModified":"2021-06-14T19:43:29+00:00","breadcrumb":{"@id":"https:\/\/bbz.iballester.edu.ar\/de\/universitaets-vereinbarungen\/#breadcrumb"},"inLanguage":"de","potentialAction":[{"@type":"ReadAction","target":["https:\/\/bbz.iballester.edu.ar\/de\/universitaets-vereinbarungen\/"]}]},{"@type":"BreadcrumbList","@id":"https:\/\/bbz.iballester.edu.ar\/de\/universitaets-vereinbarungen\/#breadcrumb","itemListElement":[{"@type":"ListItem","position":1,"name":"Portada","item":"https:\/\/bbz.iballester.edu.ar\/de\/"},{"@type":"ListItem","position":2,"name":"\u00dcbereinkommen und Kooperationen"}]},{"@type":"WebSite","@id":"https:\/\/bbz.iballester.edu.ar\/#website","url":"https:\/\/bbz.iballester.edu.ar\/","name":"BBZ | Centro de Capacitaci\u00f3n Profesional","description":"BBZ - Centro de Capacitaci\u00f3n Profesional (Sistema Dual Aleman)","potentialAction":[{"@type":"SearchAction","target":{"@type":"EntryPoint","urlTemplate":"https:\/\/bbz.iballester.edu.ar\/?s={search_term_string}"},"query-input":{"@type":"PropertyValueSpecification","valueRequired":true,"valueName":"search_term_string"}}],"inLanguage":"de"}]}},"_links":{"self":[{"href":"https:\/\/bbz.iballester.edu.ar\/de\/wp-json\/wp\/v2\/pages\/7868","targetHints":{"allow":["GET"]}}],"collection":[{"href":"https:\/\/bbz.iballester.edu.ar\/de\/wp-json\/wp\/v2\/pages"}],"about":[{"href":"https:\/\/bbz.iballester.edu.ar\/de\/wp-json\/wp\/v2\/types\/page"}],"author":[{"embeddable":true,"href":"https:\/\/bbz.iballester.edu.ar\/de\/wp-json\/wp\/v2\/users\/2"}],"replies":[{"embeddable":true,"href":"https:\/\/bbz.iballester.edu.ar\/de\/wp-json\/wp\/v2\/comments?post=7868"}],"version-history":[{"count":2,"href":"https:\/\/bbz.iballester.edu.ar\/de\/wp-json\/wp\/v2\/pages\/7868\/revisions"}],"predecessor-version":[{"id":7870,"href":"https:\/\/bbz.iballester.edu.ar\/de\/wp-json\/wp\/v2\/pages\/7868\/revisions\/7870"}],"wp:attachment":[{"href":"https:\/\/bbz.iballester.edu.ar\/de\/wp-json\/wp\/v2\/media?parent=7868"}],"curies":[{"name":"wp","href":"https:\/\/api.w.org\/{rel}","templated":true}]}}