{"id":7865,"date":"2021-05-12T14:00:48","date_gmt":"2021-05-12T17:00:48","guid":{"rendered":"https:\/\/bbz.iballester.edu.ar\/schulpraxissemester\/"},"modified":"2021-06-14T16:39:42","modified_gmt":"2021-06-14T19:39:42","slug":"schulpraxissemester","status":"publish","type":"page","link":"https:\/\/bbz.iballester.edu.ar\/de\/schulpraxissemester\/","title":{"rendered":"Schulpraxissemester"},"content":{"rendered":"<div class=\"fusion-fullwidth fullwidth-box fusion-builder-row-1 fusion-flex-container nonhundred-percent-fullwidth non-hundred-percent-height-scrolling\" style=\"background-color: rgba(255,255,255,0);background-position: center center;background-repeat: no-repeat;border-width: 0px 0px 0px 0px;border-color:#e2e2e2;border-style:solid;\" ><div class=\"fusion-builder-row fusion-row fusion-flex-align-items-flex-start\" style=\"max-width:1248px;margin-left: calc(-4% \/ 2 );margin-right: calc(-4% \/ 2 );\"><div class=\"fusion-layout-column fusion_builder_column fusion-builder-column-0 fusion_builder_column_1_1 1_1 fusion-flex-column\"><div class=\"fusion-column-wrapper fusion-flex-justify-content-flex-start fusion-content-layout-column\" style=\"background-position:left top;background-repeat:no-repeat;-webkit-background-size:cover;-moz-background-size:cover;-o-background-size:cover;background-size:cover;padding: 0px 0px 0px 0px;\"><div class=\"fusion-text fusion-text-1\"><h1 class=\"fusion-responsive-typography-calculated\" data-fontsize=\"30\" data-lineheight=\"42px\"><b>Schulpraxissemester im BBZ Buenos Aires<\/b><\/h1>\n<\/div><\/div><style type=\"text\/css\">.fusion-body .fusion-builder-column-0{width:100% !important;margin-top : 0px;margin-bottom : 20px;}.fusion-builder-column-0 > .fusion-column-wrapper {padding-top : 0px !important;padding-right : 0px !important;margin-right : 1.92%;padding-bottom : 0px !important;padding-left : 0px !important;margin-left : 1.92%;}@media only screen and (max-width:1024px) {.fusion-body .fusion-builder-column-0{width:100% !important;order : 0;}.fusion-builder-column-0 > .fusion-column-wrapper {margin-right : 1.92%;margin-left : 1.92%;}}@media only screen and (max-width:640px) {.fusion-body .fusion-builder-column-0{width:100% !important;order : 0;}.fusion-builder-column-0 > .fusion-column-wrapper {margin-right : 1.92%;margin-left : 1.92%;}}<\/style><\/div><div class=\"fusion-layout-column fusion_builder_column fusion-builder-column-1 fusion_builder_column_3_5 3_5 fusion-flex-column\"><div class=\"fusion-column-wrapper fusion-flex-justify-content-flex-start fusion-content-layout-column\" style=\"background-position:left top;background-repeat:no-repeat;-webkit-background-size:cover;-moz-background-size:cover;-o-background-size:cover;background-size:cover;padding: 0px 0px 0px 0px;\"><div class=\"fusion-text fusion-text-2\"><div class=\"fusion-text fusion-text-2\">\n<h3 class=\"fusion-responsive-typography-calculated\" data-fontsize=\"24\" data-lineheight=\"36px\">Wer sind wir?<\/h3>\n<p>Seit 1977 existiert unser BBZ (Berufsbildungszentrum) am Instituto Ballester in der Provinz Buenos Aires. Im Rahmen der Dualen Berufsausbildung nehmen wir die Rolle als kaufm\u00e4nnische Berufsschule wahr, ganz \u00e4hnlich wie in Deutschland.<\/p>\n<p>In Kooperation mit den meist deutschen Unternehmen hier in Argentinien bilden wir junge Menschen zu drei <a href=\"http:\/\/bbz.iballester.edu.ar\/web20\/formacion-dual\/\">kaufm\u00e4nnischen Ausbildungsberufen<\/a> aus.<\/p>\n<p>Fast alle Auszubildende sind Argentinier, viele mit deutschen Wurzeln, andere ohne jeglichen deutschsprachigen Hintergrund. Die \u00f6konomischen F\u00e4cher <strong>BWL<\/strong> (Betriebswirtschaftslehre), <strong>GW<\/strong> (Gesamtwirtschaft), <strong>Steuerung und Kontrolle<\/strong> (StuK) und <strong>Projektkompetenz<\/strong> werden alle auf Deutsch unterrichtet, da unsere Ausbildungsberufe auch in Deutschland vollst\u00e4ndig anerkannt sind.<br \/>\nDaneben werden einige F\u00e4cher noch in der Muttersprache Castellano und Englisch unterrichtet, so dass wir am BBZ eine trilinguale Ausbildung anbieten k\u00f6nnen.<\/p>\n<p>Neben einem beruflichen Schulabschluss (AHK = Argentiische Au\u00dfenhandelskammer) haben unsere Auszubildenden die M\u00f6glichkeit die deutsche Fachhoschulreife zu erlangen. Mit diesem Abschluss k\u00f6nnen unsere Absolventen in Deutschland an Fachhochschulen studieren.<\/p>\n<h3 class=\"fusion-responsive-typography-calculated\" data-fontsize=\"24\" data-lineheight=\"36px\">Wie sind die Unterrichtszeiten?<\/h3>\n<p>Das BBZ ist eine Ganztagsschule,in der in Blockzeiten unterrichtet wird. Der Unterricht findet also auch am Nachmittag statt (07.45- 15.55 Uhr).<br \/>\nAufgrund von besonderen Umst\u00e4nden (z.B. Covid 19) kann der theoretische Unterricht aber auch komplett digital erteilt werden. Die technische Ausstattung am BBZ und die Implementierung der Lernplattform <a href=\"https:\/\/international.hpi-schul-cloud.de\/\" target=\"_blank\" rel=\"noopener\">Hpi-schoolcloud<\/a> in den Unterrichtsalltag erm\u00f6glicht diese Flexibilit\u00e4t.<\/p>\n<h3 class=\"fusion-responsive-typography-calculated\" data-fontsize=\"24\" data-lineheight=\"36px\">Gibt es die M\u00f6glichkeit eines Lehramtspraktikums (Schulpraxissemester)?<\/h3>\n<p>Ja, wir bieten Praktikantenstellen im BBZ im Rahmen des Studiums \u201cWirtschaftsp\u00e4dagogik\u201d an. Diese Praktika werden von den deutschen Universit\u00e4ten anerkannt.<\/p>\n<h3 class=\"fusion-responsive-typography-calculated\" data-fontsize=\"24\" data-lineheight=\"36px\">In welchen F\u00e4chern ist ein Praktikum m\u00f6glich?<\/h3>\n<p><span style=\"font-weight: 400;\">Praktika sind in den auf Deutsch unterrichteten F\u00e4chern m\u00f6glich. Zus\u00e4tzlich besteht die M\u00f6glichkeit zur Hospitation in spanischsprachigen F\u00e4chern.<\/span><\/p>\n<h3 class=\"fusion-responsive-typography-calculated\" data-fontsize=\"24\" data-lineheight=\"36px\">Was erwarten wir von unseren Praktikanten?<\/h3>\n<ul>\n<li>Offenheit<\/li>\n<li>Toleranz<\/li>\n<li>Flexibilit\u00e4t<\/li>\n<li>Motivation<\/li>\n<li>Bereitschaft, sich aktiv in den Schulalltag einzubringen<\/li>\n<li>Interesse an der argentinischen Kultur und am kulturellen Austausch<\/li>\n<li>Bereitschaft, sich Grundkenntnisse in Spanisch anzueignen<\/li>\n<li>Praktikum im Modul 1 oder Modul 2 im Rahmen des Studiums \u201cWirtschaftsp\u00e4dagogik\u201d bzw. \u201cHandelslehrer\u201d<\/li>\n<\/ul>\n<h3 class=\"fusion-responsive-typography-calculated\" data-fontsize=\"24\" data-lineheight=\"36px\">Was bieten wir?<\/h3>\n<p>Wir bieten unseren Praktikanten die M\u00f6glichkeit eines interkulturellen Austausches an. In Hospitationsstunden und eigenst\u00e4ndig geplantem und durchgef\u00fchrtem Unterricht werden Chancen geboten, die eigene Lehrerpers\u00f6nlichkeit zu entwickeln und die Chancen und Grenzen eines nicht-muttersprachlichen Unterrichts kennen zu lernen.<\/p>\n<\/div>\n<div class=\"fusion-text fusion-text-3\">\n<h3 class=\"fusion-responsive-typography-calculated\" style=\"text-align: center;\" data-fontsize=\"24\" data-lineheight=\"36px\">Wir freuen uns auf Ihre Bewerbung<\/h3>\n<\/div>\n<\/div><\/div><style type=\"text\/css\">.fusion-body .fusion-builder-column-1{width:60% !important;margin-top : 0px;margin-bottom : 20px;}.fusion-builder-column-1 > .fusion-column-wrapper {padding-top : 0px !important;padding-right : 0px !important;margin-right : 3.2%;padding-bottom : 0px !important;padding-left : 0px !important;margin-left : 3.2%;}@media only screen and (max-width:1024px) {.fusion-body .fusion-builder-column-1{width:60% !important;order : 0;}.fusion-builder-column-1 > .fusion-column-wrapper {margin-right : 3.2%;margin-left : 3.2%;}}@media only screen and (max-width:640px) {.fusion-body .fusion-builder-column-1{width:100% !important;order : 0;}.fusion-builder-column-1 > .fusion-column-wrapper {margin-right : 1.92%;margin-left : 1.92%;}}<\/style><\/div><div class=\"fusion-layout-column fusion_builder_column fusion-builder-column-2 fusion_builder_column_2_5 2_5 fusion-flex-column\"><div class=\"fusion-column-wrapper fusion-flex-justify-content-flex-start fusion-content-layout-column\" style=\"background-position:left top;background-repeat:no-repeat;-webkit-background-size:cover;-moz-background-size:cover;-o-background-size:cover;background-size:cover;border-radius:4px 4px 4px 4px;background-color:rgba(81,154,68,0.4);border-radius:4px 4px 4px 4px;overflow:hidden;padding: 10px 30px 20px 30px;\"><div class=\"fusion-text fusion-text-3\"><h3 class=\"fusion-responsive-typography-calculated\" style=\"margin-bottom: 20px;\" data-fontsize=\"24\" data-lineheight=\"36px\"><strong>Wie bewirbt man sich?<\/strong><\/h3>\n<p>Das Ausbildungsjahr im BBZ beginnt in Argentinien im M\u00e4rz, Sommerferien sind von Anfang Dezember bis Ende Februar. Dar\u00fcber hinaus sind im Juli drei Wochen Winterferien.<\/p>\n<p>Daher gibt es zwei Zeitr\u00e4ume f\u00fcr ein m\u00f6gliches Praktikum:<\/p>\n<ul>\n<li>zwischen M\u00e4rz und Juli (1. Halbjahr)<\/li>\n<li>zwischen August und November (2. Halbjahr)<\/li>\n<\/ul>\n<p><strong>Bewerbungen f\u00fcr das 1. Halbjahr<\/strong> werden bis Ende August des Vorjahres angenommen. Eine Auswahl findet Anfang September statt.<\/p>\n<p><strong>Die Bewerbungsfrist f\u00fcr das 2. Halbjahr<\/strong>\u00a0endet im M\u00e4rz des gleichen Jahres. Eine Auswahl findet Anfang April statt.<\/p>\n<p>Bitte senden Sie in den genannten Zeitr\u00e4umen eine Bewerbung mit Motivationsschreiben und Lebenslauf mit Lichtbild und mit Angabe der F\u00e4cher und der Abteilung, in der das Praktikum stattfinden soll an:<\/p>\n<\/div><ul class=\"fusion-checklist fusion-checklist-1\" style=\"font-size:18px;line-height:30.6px;\"><li class=\"fusion-li-item\"><span style=\"height:30.6px;width:30.6px;margin-right:12.6px;\" class=\"icon-wrapper circle-no\"><i class=\"fusion-li-icon fa-envelope far\" style=\"color:#519a44;\" aria-hidden=\"true\"><\/i><\/span><div class=\"fusion-li-item-content\" style=\"margin-left:43.2px;\">\n<p><span style=\"color: #519a44;\"><a style=\"color: #519a44;\" href=\"mailto:praktika@iballester.edu.ar\">praktika@iballester.edu.ar<\/a><\/span><\/p>\n<\/div><\/li><\/ul><\/div><style type=\"text\/css\">.fusion-body .fusion-builder-column-2{width:40% !important;margin-top : 0px;margin-bottom : 20px;}.fusion-builder-column-2 > .fusion-column-wrapper {padding-top : 10px !important;padding-right : 30px !important;margin-right : 4.8%;padding-bottom : 20px !important;padding-left : 30px !important;margin-left : 4.8%;}@media only screen and (max-width:1024px) {.fusion-body .fusion-builder-column-2{width:40% !important;order : 0;}.fusion-builder-column-2 > .fusion-column-wrapper {margin-right : 4.8%;margin-left : 4.8%;}}@media only screen and (max-width:640px) {.fusion-body .fusion-builder-column-2{width:100% !important;order : 0;}.fusion-builder-column-2 > .fusion-column-wrapper {margin-right : 1.92%;margin-left : 1.92%;}}<\/style><\/div><\/div><style type=\"text\/css\">.fusion-body .fusion-flex-container.fusion-builder-row-1{ padding-top : 0px;margin-top : 0px;padding-right : 0px;padding-bottom : 0px;margin-bottom : 0px;padding-left : 0px;}<\/style><\/div>\n","protected":false},"excerpt":{"rendered":"","protected":false},"author":2,"featured_media":0,"parent":0,"menu_order":10,"comment_status":"closed","ping_status":"closed","template":"100-width.php","meta":{"footnotes":""},"class_list":["post-7865","page","type-page","status-publish","hentry"],"yoast_head":"<!-- This site is optimized with the Yoast SEO plugin v27.4 - https:\/\/yoast.com\/product\/yoast-seo-wordpress\/ -->\n<title>Schulpraxissemester - BBZ | Centro de Capacitaci\u00f3n Profesional<\/title>\n<meta name=\"robots\" content=\"index, follow, max-snippet:-1, max-image-preview:large, max-video-preview:-1\" \/>\n<link rel=\"canonical\" href=\"https:\/\/bbz.iballester.edu.ar\/de\/schulpraxissemester\/\" \/>\n<meta property=\"og:locale\" content=\"de_DE\" \/>\n<meta property=\"og:type\" content=\"article\" \/>\n<meta property=\"og:title\" content=\"Schulpraxissemester - BBZ | Centro de Capacitaci\u00f3n Profesional\" \/>\n<meta property=\"og:url\" content=\"https:\/\/bbz.iballester.edu.ar\/de\/schulpraxissemester\/\" \/>\n<meta property=\"og:site_name\" content=\"BBZ | Centro de Capacitaci\u00f3n Profesional\" \/>\n<meta property=\"article:modified_time\" content=\"2021-06-14T19:39:42+00:00\" \/>\n<meta name=\"twitter:card\" content=\"summary_large_image\" \/>\n<meta name=\"twitter:label1\" content=\"Gesch\u00e4tzte Lesezeit\" \/>\n\t<meta name=\"twitter:data1\" content=\"4\u00a0Minuten\" \/>\n<script type=\"application\/ld+json\" class=\"yoast-schema-graph\">{\"@context\":\"https:\\\/\\\/schema.org\",\"@graph\":[{\"@type\":\"WebPage\",\"@id\":\"https:\\\/\\\/bbz.iballester.edu.ar\\\/de\\\/schulpraxissemester\\\/\",\"url\":\"https:\\\/\\\/bbz.iballester.edu.ar\\\/de\\\/schulpraxissemester\\\/\",\"name\":\"Schulpraxissemester - BBZ | Centro de Capacitaci\u00f3n Profesional\",\"isPartOf\":{\"@id\":\"https:\\\/\\\/bbz.iballester.edu.ar\\\/#website\"},\"datePublished\":\"2021-05-12T17:00:48+00:00\",\"dateModified\":\"2021-06-14T19:39:42+00:00\",\"breadcrumb\":{\"@id\":\"https:\\\/\\\/bbz.iballester.edu.ar\\\/de\\\/schulpraxissemester\\\/#breadcrumb\"},\"inLanguage\":\"de\",\"potentialAction\":[{\"@type\":\"ReadAction\",\"target\":[\"https:\\\/\\\/bbz.iballester.edu.ar\\\/de\\\/schulpraxissemester\\\/\"]}]},{\"@type\":\"BreadcrumbList\",\"@id\":\"https:\\\/\\\/bbz.iballester.edu.ar\\\/de\\\/schulpraxissemester\\\/#breadcrumb\",\"itemListElement\":[{\"@type\":\"ListItem\",\"position\":1,\"name\":\"Portada\",\"item\":\"https:\\\/\\\/bbz.iballester.edu.ar\\\/de\\\/\"},{\"@type\":\"ListItem\",\"position\":2,\"name\":\"Schulpraxissemester\"}]},{\"@type\":\"WebSite\",\"@id\":\"https:\\\/\\\/bbz.iballester.edu.ar\\\/#website\",\"url\":\"https:\\\/\\\/bbz.iballester.edu.ar\\\/\",\"name\":\"BBZ | Centro de Capacitaci\u00f3n Profesional\",\"description\":\"BBZ - Centro de Capacitaci\u00f3n Profesional (Sistema Dual Aleman)\",\"potentialAction\":[{\"@type\":\"SearchAction\",\"target\":{\"@type\":\"EntryPoint\",\"urlTemplate\":\"https:\\\/\\\/bbz.iballester.edu.ar\\\/?s={search_term_string}\"},\"query-input\":{\"@type\":\"PropertyValueSpecification\",\"valueRequired\":true,\"valueName\":\"search_term_string\"}}],\"inLanguage\":\"de\"}]}<\/script>\n<!-- \/ Yoast SEO plugin. -->","yoast_head_json":{"title":"Schulpraxissemester - BBZ | Centro de Capacitaci\u00f3n Profesional","robots":{"index":"index","follow":"follow","max-snippet":"max-snippet:-1","max-image-preview":"max-image-preview:large","max-video-preview":"max-video-preview:-1"},"canonical":"https:\/\/bbz.iballester.edu.ar\/de\/schulpraxissemester\/","og_locale":"de_DE","og_type":"article","og_title":"Schulpraxissemester - BBZ | Centro de Capacitaci\u00f3n Profesional","og_url":"https:\/\/bbz.iballester.edu.ar\/de\/schulpraxissemester\/","og_site_name":"BBZ | Centro de Capacitaci\u00f3n Profesional","article_modified_time":"2021-06-14T19:39:42+00:00","twitter_card":"summary_large_image","twitter_misc":{"Gesch\u00e4tzte Lesezeit":"4\u00a0Minuten"},"schema":{"@context":"https:\/\/schema.org","@graph":[{"@type":"WebPage","@id":"https:\/\/bbz.iballester.edu.ar\/de\/schulpraxissemester\/","url":"https:\/\/bbz.iballester.edu.ar\/de\/schulpraxissemester\/","name":"Schulpraxissemester - BBZ | Centro de Capacitaci\u00f3n Profesional","isPartOf":{"@id":"https:\/\/bbz.iballester.edu.ar\/#website"},"datePublished":"2021-05-12T17:00:48+00:00","dateModified":"2021-06-14T19:39:42+00:00","breadcrumb":{"@id":"https:\/\/bbz.iballester.edu.ar\/de\/schulpraxissemester\/#breadcrumb"},"inLanguage":"de","potentialAction":[{"@type":"ReadAction","target":["https:\/\/bbz.iballester.edu.ar\/de\/schulpraxissemester\/"]}]},{"@type":"BreadcrumbList","@id":"https:\/\/bbz.iballester.edu.ar\/de\/schulpraxissemester\/#breadcrumb","itemListElement":[{"@type":"ListItem","position":1,"name":"Portada","item":"https:\/\/bbz.iballester.edu.ar\/de\/"},{"@type":"ListItem","position":2,"name":"Schulpraxissemester"}]},{"@type":"WebSite","@id":"https:\/\/bbz.iballester.edu.ar\/#website","url":"https:\/\/bbz.iballester.edu.ar\/","name":"BBZ | Centro de Capacitaci\u00f3n Profesional","description":"BBZ - Centro de Capacitaci\u00f3n Profesional (Sistema Dual Aleman)","potentialAction":[{"@type":"SearchAction","target":{"@type":"EntryPoint","urlTemplate":"https:\/\/bbz.iballester.edu.ar\/?s={search_term_string}"},"query-input":{"@type":"PropertyValueSpecification","valueRequired":true,"valueName":"search_term_string"}}],"inLanguage":"de"}]}},"_links":{"self":[{"href":"https:\/\/bbz.iballester.edu.ar\/de\/wp-json\/wp\/v2\/pages\/7865","targetHints":{"allow":["GET"]}}],"collection":[{"href":"https:\/\/bbz.iballester.edu.ar\/de\/wp-json\/wp\/v2\/pages"}],"about":[{"href":"https:\/\/bbz.iballester.edu.ar\/de\/wp-json\/wp\/v2\/types\/page"}],"author":[{"embeddable":true,"href":"https:\/\/bbz.iballester.edu.ar\/de\/wp-json\/wp\/v2\/users\/2"}],"replies":[{"embeddable":true,"href":"https:\/\/bbz.iballester.edu.ar\/de\/wp-json\/wp\/v2\/comments?post=7865"}],"version-history":[{"count":1,"href":"https:\/\/bbz.iballester.edu.ar\/de\/wp-json\/wp\/v2\/pages\/7865\/revisions"}],"predecessor-version":[{"id":7866,"href":"https:\/\/bbz.iballester.edu.ar\/de\/wp-json\/wp\/v2\/pages\/7865\/revisions\/7866"}],"wp:attachment":[{"href":"https:\/\/bbz.iballester.edu.ar\/de\/wp-json\/wp\/v2\/media?parent=7865"}],"curies":[{"name":"wp","href":"https:\/\/api.w.org\/{rel}","templated":true}]}}