{"id":7598,"date":"2021-06-09T08:31:43","date_gmt":"2021-06-09T11:31:43","guid":{"rendered":"http:\/\/bbz.iballester.edu.ar\/web20\/fachhochschulreife\/"},"modified":"2024-03-30T12:41:38","modified_gmt":"2024-03-30T15:41:38","slug":"fachhochschulreife","status":"publish","type":"page","link":"https:\/\/bbz.iballester.edu.ar\/de\/fachhochschulreife\/","title":{"rendered":"Die Fachhochschulreife"},"content":{"rendered":"<div class=\"fusion-fullwidth fullwidth-box fusion-builder-row-1 fusion-flex-container nonhundred-percent-fullwidth non-hundred-percent-height-scrolling\" style=\"background-color: rgba(255,255,255,0);background-position: center center;background-repeat: no-repeat;border-width: 0px 0px 0px 0px;border-color:#e2e2e2;border-style:solid;\" ><div class=\"fusion-builder-row fusion-row fusion-flex-align-items-flex-start\" style=\"max-width:1248px;margin-left: calc(-4% \/ 2 );margin-right: calc(-4% \/ 2 );\"><div class=\"fusion-layout-column fusion_builder_column fusion-builder-column-0 fusion_builder_column_1_1 1_1 fusion-flex-column\"><div class=\"fusion-column-wrapper fusion-flex-justify-content-flex-start fusion-content-layout-column\" style=\"background-position:left top;background-repeat:no-repeat;-webkit-background-size:cover;-moz-background-size:cover;-o-background-size:cover;background-size:cover;padding: 0px 0px 0px 0px;\"><style type=\"text\/css\">@media only screen and (max-width:1024px) {.fusion-title.fusion-title-1{margin-top:10px!important; margin-right:0px!important;margin-bottom:15px!important;margin-left:0px!important;}}@media only screen and (max-width:640px) {.fusion-title.fusion-title-1{margin-top:10px!important; margin-right:0px!important;margin-bottom:10px!important; margin-left:0px!important;}}<\/style><div class=\"fusion-title title fusion-title-1 fusion-sep-none fusion-title-center fusion-title-text fusion-title-size-two\" style=\"margin-top:10px;margin-right:0px;margin-bottom:15px;margin-left:0px;\"><h2 class=\"title-heading-center\" style=\"margin:0;line-height:1.1;color:#519a44;\">Die Fachhochschulreife<\/h2><\/div><style type=\"text\/css\">@media only screen and (max-width:1024px) {.fusion-title.fusion-title-2{margin-top:10px!important; margin-right:0px!important;margin-bottom:50px!important;margin-left:0px!important;}}@media only screen and (max-width:640px) {.fusion-title.fusion-title-2{margin-top:10px!important; margin-right:0px!important;margin-bottom:10px!important; margin-left:0px!important;}}<\/style><div class=\"fusion-title title fusion-title-2 fusion-sep-none fusion-title-center fusion-title-text fusion-title-size-four\" style=\"font-size:22px;margin-top:10px;margin-right:0px;margin-bottom:50px;margin-left:0px;\"><h4 class=\"title-heading-center\" style=\"margin:0;font-size:1em;line-height:1;\">in beruflichen Bildungsg\u00e4ngen an deutschen schulischen Einrichtungen im Ausland<\/h4><\/div><div class=\"fusion-text fusion-text-1\" style=\"margin-right:5%;margin-left:5%;\"><p>Im Rahmen der deutschen dualen Berufsausbildung am BBZ legen alle Auszubildenden am Ende des zweiten Ausbildungsjahres <strong>obligatorisch<\/strong> die <strong>Fachhochschulreifepr\u00fcfung<\/strong> ab.<br \/>\nDie Fachhochschulreife in beruflichen Bildungsg\u00e4ngen ist ein deutscher Abschluss der <strong><a href=\"https:\/\/www.kmk.org\/themen\/auslandsschulen\/bildungsgaenge-und-abschluesse\/fachhochschulreife-im-ausland.html\" target=\"_blank\" rel=\"noopener\">Kultusministerkonferenz<\/a> (KMK)<\/strong>, der zu einem <strong>Studium an einer Fachhochschule<\/strong> in Deutschland berechtigt.<\/p>\n<p>Mit diesem direkten Zugang zu einer deutschen Fachhochschule \u00f6ffnet die Ausbildung am BBZ eine weitere T\u00fcr f\u00fcr die berufliche Karriere und die akademische Bildung. Die Fachhochschulreife genie\u00dft in Deutschland eine hohe Anerkennung, da sie die Qualifikationen der Ausbildungsberufe mit den akademischen Anforderungen einer Fachhochschule oder Fachuniversit\u00e4t verbindet. So ist sie ein weiteres Plus der zweij\u00e4hrigen Ausbildung am BBZ.<\/p>\n<h4>Welche Voraussetzungen braucht man f\u00fcr die Fachhochschulreife in beruflichen Bildungs-g\u00e4ngen?<\/h4>\n<ol>\n<li><strong>Abschluss der Sekundarstufe (Secundaria)<br \/>\n<\/strong>Um die Fachhochschulreifepr\u00fcfung am BBZ ablegen zu k\u00f6nnen, ist der erfolgreiche nationale Abschluss der Secundaria in Klasse 12 oder der deutsche mittlere Bildungsabschluss (Mittlere Reife) als Voraussetzung erforderlich. Weitere Voraussetzung ist das DSD1 bzw. ein anerkannter Nachweis auf dem Niveau B1 (bei fehlendem Nachweis innerhalb der ersten drei Monate zu erbringen).<\/li>\n<li><strong>Bestandene zweij\u00e4hrige Berufsausbildung<br \/>\n<\/strong>Die Fachhochschulreife gilt nur in Verbindung mit der erfolgreich beendeten <strong>Berufsausbildung am BBZ<\/strong> und dem entsprechenden Abschlusszeugnis. Es muss also die Berufsausbildung am BBZ abgeschlossen sein, bevor das Zeugnis \u00fcbergeben werden kann.<\/li>\n<li><strong>Schriftliche Pr\u00fcfungen in Mathematik, Englisch und Deutsch<br \/>\n<\/strong>Am Ende der zweij\u00e4hrigen Berufsausbildung findet im Rahmen der Fachhochschulreifepr\u00fcfung je eine schriftliche Pr\u00fcfung in den oben genannten F\u00e4chern statt. Jede Pr\u00fcfung dauert je Fach 180 Minuten.<\/li>\n<\/ol>\n<\/div><div class=\"fusion-separator fusion-full-width-sep\" style=\"align-self: center;margin-left: auto;margin-right: auto;margin-top:25px;margin-bottom:25px;width:100%;\"><\/div><div class=\"fusion-text fusion-text-2\"><h3>FHR Diplom\u00fcbergaben<\/h3>\n<\/div><div style=\"text-align:left;\"><span class=\" fusion-imageframe imageframe-none imageframe-1 hover-type-none\"><img decoding=\"async\" width=\"57\" height=\"7\" title=\"sep-left\" src=\"http:\/\/bbz.iballester.edu.ar\/web20\/wp-content\/uploads\/2021\/05\/sep-left.svg\" class=\"img-responsive wp-image-7258\"\/><\/span><\/div><div class=\"fusion-recent-posts fusion-recent-posts-1 avada-container layout-default layout-columns-3\"><section class=\"fusion-columns columns fusion-columns-3 columns-3\"><article class=\"post fusion-column column col col-lg-4 col-md-4 col-sm-4\"><div class=\"fusion-flexslider fusion-flexslider-loading flexslider flexslider-hover-type-none\"><ul class=\"slides\"><li><a href=\"https:\/\/bbz.iballester.edu.ar\/de\/verleihung-der-fachhochschulreife-am-bbz-2024\/\" aria-label=\"Verleihung der Fachhochschulreife am BBZ &#8211; 2024\" class=\"hover-type-none\"><img decoding=\"async\" width=\"700\" height=\"441\" src=\"https:\/\/bbz.iballester.edu.ar\/web20\/wp-content\/uploads\/2025\/04\/BBZ-FHR_2024-01-700x441.jpg\" class=\"attachment-recent-posts size-recent-posts\" alt=\"\" srcset=\"https:\/\/bbz.iballester.edu.ar\/web20\/wp-content\/uploads\/2025\/04\/BBZ-FHR_2024-01-320x202.jpg 320w, https:\/\/bbz.iballester.edu.ar\/web20\/wp-content\/uploads\/2025\/04\/BBZ-FHR_2024-01-700x441.jpg 700w\" sizes=\"(max-width: 700px) 100vw, 700px\" \/><\/a><\/li><\/ul><\/div><div class=\"recent-posts-content\"><span class=\"vcard\" style=\"display: none;\"><span class=\"fn\"><a href=\"https:\/\/bbz.iballester.edu.ar\/de\/author\/christian\/\" title=\"Beitr\u00e4ge von Christian\" rel=\"author\">Christian<\/a><\/span><\/span><span class=\"updated\" style=\"display:none;\">2025-04-15T18:18:34-03:00<\/span><h4 class=\"entry-title\"><a href=\"https:\/\/bbz.iballester.edu.ar\/de\/verleihung-der-fachhochschulreife-am-bbz-2024\/\">Verleihung der Fachhochschulreife am BBZ &#8211; 2024<\/a><\/h4><p class=\"meta\"><span class=\"vcard\" style=\"display: none;\"><span class=\"fn\"><a href=\"https:\/\/bbz.iballester.edu.ar\/de\/author\/christian\/\" title=\"Beitr\u00e4ge von Christian\" rel=\"author\">Christian<\/a><\/span><\/span><span class=\"updated\" style=\"display:none;\">2025-04-15T18:18:34-03:00<\/span><\/p><p>Nach zwei Jahren Ausbildung erhielten die Sch\u00fcler die Fachhochschulreife, einen deutschen Bildungsabschluss, der ihnen den Zugang zu Fachhochschulen in Deutschland erm\u00f6glicht.<\/p><\/div><\/article><article class=\"post fusion-column column col col-lg-4 col-md-4 col-sm-4\"><div class=\"fusion-flexslider fusion-flexslider-loading flexslider flexslider-hover-type-none\"><ul class=\"slides\"><li><a href=\"https:\/\/bbz.iballester.edu.ar\/de\/uebergabe-der-diplome-der-fachhochschulreife-2023\/\" aria-label=\"\u00dcbergabe der Diplome der Fachhochschulreife 2023\" class=\"hover-type-none\"><img decoding=\"async\" width=\"700\" height=\"441\" src=\"https:\/\/bbz.iballester.edu.ar\/web20\/wp-content\/uploads\/2024\/03\/BBZ-Argentina-FHR_2023-700x441.jpg\" class=\"attachment-recent-posts size-recent-posts\" alt=\"\" srcset=\"https:\/\/bbz.iballester.edu.ar\/web20\/wp-content\/uploads\/2024\/03\/BBZ-Argentina-FHR_2023-320x202.jpg 320w, https:\/\/bbz.iballester.edu.ar\/web20\/wp-content\/uploads\/2024\/03\/BBZ-Argentina-FHR_2023-700x441.jpg 700w\" sizes=\"(max-width: 700px) 100vw, 700px\" \/><\/a><\/li><\/ul><\/div><div class=\"recent-posts-content\"><span class=\"vcard\" style=\"display: none;\"><span class=\"fn\"><a href=\"https:\/\/bbz.iballester.edu.ar\/de\/author\/christian\/\" title=\"Beitr\u00e4ge von Christian\" rel=\"author\">Christian<\/a><\/span><\/span><span class=\"updated\" style=\"display:none;\">2024-03-30T12:51:58-03:00<\/span><h4 class=\"entry-title\"><a href=\"https:\/\/bbz.iballester.edu.ar\/de\/uebergabe-der-diplome-der-fachhochschulreife-2023\/\">\u00dcbergabe der Diplome der Fachhochschulreife 2023<\/a><\/h4><p class=\"meta\"><span class=\"vcard\" style=\"display: none;\"><span class=\"fn\"><a href=\"https:\/\/bbz.iballester.edu.ar\/de\/author\/christian\/\" title=\"Beitr\u00e4ge von Christian\" rel=\"author\">Christian<\/a><\/span><\/span><span class=\"updated\" style=\"display:none;\">2024-03-30T12:51:58-03:00<\/span><\/p><p>Im Rahmen einer kleinen Feier am Donnerstag, den 30. M\u00e4rz 2023 erhielten die erfolgreichen Absolventen des BBZ ihr deutsches \u201eAbitur t\u00e9cnico\u201c. Wir gratulieren ganz herzlich! \u00a0<\/p><\/div><\/article><article class=\"post fusion-column column col col-lg-4 col-md-4 col-sm-4\"><div class=\"fusion-flexslider fusion-flexslider-loading flexslider flexslider-hover-type-none\"><ul class=\"slides\"><li><a href=\"https:\/\/bbz.iballester.edu.ar\/de\/feier-zur-uebergabe-der-deutschen-fachhochschulreife-am-bbz\/\" aria-label=\"Feier zur \u00dcbergabe der Deutschen Fachhochschulreife am BBZ\" class=\"hover-type-none\"><img decoding=\"async\" width=\"662\" height=\"441\" src=\"https:\/\/bbz.iballester.edu.ar\/web20\/wp-content\/uploads\/2019\/04\/DiplomasBBZ_0125.jpg\" class=\"attachment-recent-posts size-recent-posts\" alt=\"\" srcset=\"https:\/\/bbz.iballester.edu.ar\/web20\/wp-content\/uploads\/2019\/04\/DiplomasBBZ_0125-300x200.jpg 300w, https:\/\/bbz.iballester.edu.ar\/web20\/wp-content\/uploads\/2019\/04\/DiplomasBBZ_0125-768x512.jpg 768w, https:\/\/bbz.iballester.edu.ar\/web20\/wp-content\/uploads\/2019\/04\/DiplomasBBZ_0125-940x627.jpg 940w, https:\/\/bbz.iballester.edu.ar\/web20\/wp-content\/uploads\/2019\/04\/DiplomasBBZ_0125.jpg 1500w\" sizes=\"(max-width: 662px) 100vw, 662px\" \/><\/a><\/li><\/ul><\/div><div class=\"recent-posts-content\"><span class=\"vcard\" style=\"display: none;\"><span class=\"fn\"><a href=\"https:\/\/bbz.iballester.edu.ar\/de\/author\/christian\/\" title=\"Beitr\u00e4ge von Christian\" rel=\"author\">Christian<\/a><\/span><\/span><span class=\"updated\" style=\"display:none;\">2021-06-09T10:20:01-03:00<\/span><h4 class=\"entry-title\"><a href=\"https:\/\/bbz.iballester.edu.ar\/de\/feier-zur-uebergabe-der-deutschen-fachhochschulreife-am-bbz\/\">Feier zur \u00dcbergabe der Deutschen Fachhochschulreife am BBZ<\/a><\/h4><p class=\"meta\"><span class=\"vcard\" style=\"display: none;\"><span class=\"fn\"><a href=\"https:\/\/bbz.iballester.edu.ar\/de\/author\/christian\/\" title=\"Beitr\u00e4ge von Christian\" rel=\"author\">Christian<\/a><\/span><\/span><span class=\"updated\" style=\"display:none;\">2021-06-09T10:20:01-03:00<\/span><\/p><p>Im Rahmen einer kleinen Feier am Mittwoch, den 24. April 2019 \u00fcberreichte der Gesandte der Deutschen Botschaft in Buenos Aires, Dr. Ralf Horlemann, den erfolgreichen Absolventen des BBZ ihr deutsches \"abitur t\u00e9cnico\".Wir gratulieren ganz herzlich [...]<\/p><\/div><\/article><\/section><\/div><\/div><style type=\"text\/css\">.fusion-body .fusion-builder-column-0{width:100% !important;margin-top : 0px;margin-bottom : 20px;}.fusion-builder-column-0 > .fusion-column-wrapper {padding-top : 0px !important;padding-right : 0px !important;margin-right : 1.92%;padding-bottom : 0px !important;padding-left : 0px !important;margin-left : 1.92%;}@media only screen and (max-width:1024px) {.fusion-body .fusion-builder-column-0{width:100% !important;order : 0;}.fusion-builder-column-0 > .fusion-column-wrapper {margin-right : 1.92%;margin-left : 1.92%;}}@media only screen and (max-width:640px) {.fusion-body .fusion-builder-column-0{width:100% !important;order : 0;}.fusion-builder-column-0 > .fusion-column-wrapper {margin-right : 1.92%;margin-left : 1.92%;}}<\/style><\/div><\/div><style type=\"text\/css\">.fusion-body .fusion-flex-container.fusion-builder-row-1{ padding-top : 0px;margin-top : 0px;padding-right : 0px;padding-bottom : 0px;margin-bottom : 0px;padding-left : 0px;}<\/style><\/div>\n","protected":false},"excerpt":{"rendered":"","protected":false},"author":2,"featured_media":0,"parent":0,"menu_order":0,"comment_status":"closed","ping_status":"closed","template":"","meta":{"footnotes":""},"class_list":["post-7598","page","type-page","status-publish","hentry"],"yoast_head":"<!-- This site is optimized with the Yoast SEO plugin v27.4 - https:\/\/yoast.com\/product\/yoast-seo-wordpress\/ -->\n<title>Die Fachhochschulreife - BBZ | Centro de Capacitaci\u00f3n Profesional<\/title>\n<meta name=\"robots\" content=\"index, follow, max-snippet:-1, max-image-preview:large, max-video-preview:-1\" \/>\n<link rel=\"canonical\" href=\"https:\/\/bbz.iballester.edu.ar\/de\/fachhochschulreife\/\" \/>\n<meta property=\"og:locale\" content=\"de_DE\" \/>\n<meta property=\"og:type\" content=\"article\" \/>\n<meta property=\"og:title\" content=\"Die Fachhochschulreife - BBZ | Centro de Capacitaci\u00f3n Profesional\" \/>\n<meta property=\"og:url\" content=\"https:\/\/bbz.iballester.edu.ar\/de\/fachhochschulreife\/\" \/>\n<meta property=\"og:site_name\" content=\"BBZ | Centro de Capacitaci\u00f3n Profesional\" \/>\n<meta property=\"article:modified_time\" content=\"2024-03-30T15:41:38+00:00\" \/>\n<meta name=\"twitter:card\" content=\"summary_large_image\" \/>\n<meta name=\"twitter:label1\" content=\"Gesch\u00e4tzte Lesezeit\" \/>\n\t<meta name=\"twitter:data1\" content=\"4\u00a0Minuten\" \/>\n<script type=\"application\/ld+json\" class=\"yoast-schema-graph\">{\"@context\":\"https:\\\/\\\/schema.org\",\"@graph\":[{\"@type\":\"WebPage\",\"@id\":\"https:\\\/\\\/bbz.iballester.edu.ar\\\/de\\\/fachhochschulreife\\\/\",\"url\":\"https:\\\/\\\/bbz.iballester.edu.ar\\\/de\\\/fachhochschulreife\\\/\",\"name\":\"Die Fachhochschulreife - BBZ | Centro de Capacitaci\u00f3n Profesional\",\"isPartOf\":{\"@id\":\"https:\\\/\\\/bbz.iballester.edu.ar\\\/#website\"},\"datePublished\":\"2021-06-09T11:31:43+00:00\",\"dateModified\":\"2024-03-30T15:41:38+00:00\",\"breadcrumb\":{\"@id\":\"https:\\\/\\\/bbz.iballester.edu.ar\\\/de\\\/fachhochschulreife\\\/#breadcrumb\"},\"inLanguage\":\"de\",\"potentialAction\":[{\"@type\":\"ReadAction\",\"target\":[\"https:\\\/\\\/bbz.iballester.edu.ar\\\/de\\\/fachhochschulreife\\\/\"]}]},{\"@type\":\"BreadcrumbList\",\"@id\":\"https:\\\/\\\/bbz.iballester.edu.ar\\\/de\\\/fachhochschulreife\\\/#breadcrumb\",\"itemListElement\":[{\"@type\":\"ListItem\",\"position\":1,\"name\":\"Portada\",\"item\":\"https:\\\/\\\/bbz.iballester.edu.ar\\\/de\\\/\"},{\"@type\":\"ListItem\",\"position\":2,\"name\":\"Die Fachhochschulreife\"}]},{\"@type\":\"WebSite\",\"@id\":\"https:\\\/\\\/bbz.iballester.edu.ar\\\/#website\",\"url\":\"https:\\\/\\\/bbz.iballester.edu.ar\\\/\",\"name\":\"BBZ | Centro de Capacitaci\u00f3n Profesional\",\"description\":\"BBZ - Centro de Capacitaci\u00f3n Profesional (Sistema Dual Aleman)\",\"potentialAction\":[{\"@type\":\"SearchAction\",\"target\":{\"@type\":\"EntryPoint\",\"urlTemplate\":\"https:\\\/\\\/bbz.iballester.edu.ar\\\/?s={search_term_string}\"},\"query-input\":{\"@type\":\"PropertyValueSpecification\",\"valueRequired\":true,\"valueName\":\"search_term_string\"}}],\"inLanguage\":\"de\"}]}<\/script>\n<!-- \/ Yoast SEO plugin. -->","yoast_head_json":{"title":"Die Fachhochschulreife - BBZ | Centro de Capacitaci\u00f3n Profesional","robots":{"index":"index","follow":"follow","max-snippet":"max-snippet:-1","max-image-preview":"max-image-preview:large","max-video-preview":"max-video-preview:-1"},"canonical":"https:\/\/bbz.iballester.edu.ar\/de\/fachhochschulreife\/","og_locale":"de_DE","og_type":"article","og_title":"Die Fachhochschulreife - BBZ | Centro de Capacitaci\u00f3n Profesional","og_url":"https:\/\/bbz.iballester.edu.ar\/de\/fachhochschulreife\/","og_site_name":"BBZ | Centro de Capacitaci\u00f3n Profesional","article_modified_time":"2024-03-30T15:41:38+00:00","twitter_card":"summary_large_image","twitter_misc":{"Gesch\u00e4tzte Lesezeit":"4\u00a0Minuten"},"schema":{"@context":"https:\/\/schema.org","@graph":[{"@type":"WebPage","@id":"https:\/\/bbz.iballester.edu.ar\/de\/fachhochschulreife\/","url":"https:\/\/bbz.iballester.edu.ar\/de\/fachhochschulreife\/","name":"Die Fachhochschulreife - BBZ | Centro de Capacitaci\u00f3n Profesional","isPartOf":{"@id":"https:\/\/bbz.iballester.edu.ar\/#website"},"datePublished":"2021-06-09T11:31:43+00:00","dateModified":"2024-03-30T15:41:38+00:00","breadcrumb":{"@id":"https:\/\/bbz.iballester.edu.ar\/de\/fachhochschulreife\/#breadcrumb"},"inLanguage":"de","potentialAction":[{"@type":"ReadAction","target":["https:\/\/bbz.iballester.edu.ar\/de\/fachhochschulreife\/"]}]},{"@type":"BreadcrumbList","@id":"https:\/\/bbz.iballester.edu.ar\/de\/fachhochschulreife\/#breadcrumb","itemListElement":[{"@type":"ListItem","position":1,"name":"Portada","item":"https:\/\/bbz.iballester.edu.ar\/de\/"},{"@type":"ListItem","position":2,"name":"Die Fachhochschulreife"}]},{"@type":"WebSite","@id":"https:\/\/bbz.iballester.edu.ar\/#website","url":"https:\/\/bbz.iballester.edu.ar\/","name":"BBZ | Centro de Capacitaci\u00f3n Profesional","description":"BBZ - Centro de Capacitaci\u00f3n Profesional (Sistema Dual Aleman)","potentialAction":[{"@type":"SearchAction","target":{"@type":"EntryPoint","urlTemplate":"https:\/\/bbz.iballester.edu.ar\/?s={search_term_string}"},"query-input":{"@type":"PropertyValueSpecification","valueRequired":true,"valueName":"search_term_string"}}],"inLanguage":"de"}]}},"_links":{"self":[{"href":"https:\/\/bbz.iballester.edu.ar\/de\/wp-json\/wp\/v2\/pages\/7598","targetHints":{"allow":["GET"]}}],"collection":[{"href":"https:\/\/bbz.iballester.edu.ar\/de\/wp-json\/wp\/v2\/pages"}],"about":[{"href":"https:\/\/bbz.iballester.edu.ar\/de\/wp-json\/wp\/v2\/types\/page"}],"author":[{"embeddable":true,"href":"https:\/\/bbz.iballester.edu.ar\/de\/wp-json\/wp\/v2\/users\/2"}],"replies":[{"embeddable":true,"href":"https:\/\/bbz.iballester.edu.ar\/de\/wp-json\/wp\/v2\/comments?post=7598"}],"version-history":[{"count":10,"href":"https:\/\/bbz.iballester.edu.ar\/de\/wp-json\/wp\/v2\/pages\/7598\/revisions"}],"predecessor-version":[{"id":8489,"href":"https:\/\/bbz.iballester.edu.ar\/de\/wp-json\/wp\/v2\/pages\/7598\/revisions\/8489"}],"wp:attachment":[{"href":"https:\/\/bbz.iballester.edu.ar\/de\/wp-json\/wp\/v2\/media?parent=7598"}],"curies":[{"name":"wp","href":"https:\/\/api.w.org\/{rel}","templated":true}]}}